

{"id":661,"date":"2015-11-09T09:15:20","date_gmt":"2015-11-09T08:15:20","guid":{"rendered":"http:\/\/wittelsbacher-gs.de\/?page_id=661"},"modified":"2026-02-26T14:34:58","modified_gmt":"2026-02-26T13:34:58","slug":"wichtige-infos-von-a-z","status":"publish","type":"page","link":"https:\/\/wittelsbacher-gs.de\/?page_id=661","title":{"rendered":"Wichtige Infos von A-Z"},"content":{"rendered":"<p>Hier gibt es die wichtigsten Informationen von A-Z:<\/p>\n<p><strong>\u00c4nderungen bei Adresse und Telefon<\/strong><br \/>\nBitte teilen Sie entsprechende \u00c4nderungen umgehend der Schule mit, damit wir Sie erreichen k\u00f6nnen.<\/p>\n<p><strong>Arzttermine<\/strong><br \/>\nTermine beim Arzt m\u00fcssen grunds\u00e4tzlich in die unterrichtsfreie Zeit gelegt werden &#8211; ausgenommen sind selbstverst\u00e4ndlich akute Erkrankungen und kieferorthop\u00e4dische Behandlungen. Bitte informieren Sie die Lehrkraft.<\/p>\n<p><strong>Basketball<\/strong><br \/>\nFlorian Martini &#8211; Tel. 0157\/73521791 \/ Email: coach@florian-martini.de \/<\/p>\n<p>Das Training findet immer am\u00a0Mittwoch von 16.00 &#8211; 17.30 Uhr in der unteren Sporthalle statt. Herzlich willkommen.<\/p>\n<p><strong>Beurlaubung von Sch\u00fclern<\/strong><br \/>\nBitte passen Sie Ihren Urlaub den Ferienzeiten an und planen Sie Ihre Reise entsprechend. Eine Befreiung vom Unterricht kann f\u00fcr Reisen nicht erteilt werden. F\u00fcr alles andere bitte das Formular Beurlaubungen unter Formulare verwenden &#8211; bitte nicht in Edoop.<\/p>\n<p><strong>Computer<\/strong><br \/>\nAlle Klassenzimmer sind mit Internetanschluss, Beamer, Rechner und Dokumentenkamera ausgestattet. Den Sch\u00fclerinnen und Sch\u00fclern stehen dar\u00fcberhinaus Tablets zur Recherche zur Verf\u00fcgung &#8211; wir sind eine der drei Modelschulen.<\/p>\n<p><strong>Eingang Mundingstra\u00dfe<\/strong><br \/>\nDas gro\u00dfe Tor in der Mundingstra\u00dfe dient ausschlie\u00dflich als Zufahrt zum Parkplatz f\u00fcr Lehrkr\u00e4fte und das Personal der Mittagsbetreuung.<br \/>\nAus Sicherheitsgr\u00fcnden ist es Eltern nicht gestattet, zum Abholen ihres Kindes in den Schulhof zu fahren &#8211; dies gilt auch am Nachmittag.<\/p>\n<p><strong>Elternbeirat<\/strong><\/p>\n<p>siehe hierzu auch unter Punkt Daten\/Fakten &#8211; Schulgemeinschaft<\/p>\n<p>Alle interessierten Eltern sind bei den Elternbeiratssitzungen herzlich willkommen. Im Sekretariat erfahren Sie die Termine der jeweils kommenden Sitzung. Die Protokolle der Sitzungen k\u00f6nnen Sie sehr gerne einsehen.<\/p>\n<p><strong>Ferientermine<\/strong><\/p>\n<ul>\n<li><strong>Osterferien<\/strong>: 30.03.2026 \u2013 10.04.2026<\/li>\n<li><strong>Pfingstferien<\/strong>: 26.05.2026 \u2013 05.06.2026<\/li>\n<li><strong>Sommerferien<\/strong>: 03.08.2026 &#8211; 14.09.2026<\/li>\n<\/ul>\n<div class=\"Answer\">\n<div class=\"clear\"><strong>Fundsachen<\/strong><\/div>\n<\/div>\n<p>Alle liegengebliebenen Dinge sammeln wir im Elisengeb\u00e4ude (im Erdgescho\u00df) in den kleinen wei\u00dfen Schr\u00e4nken. Schauen Sie bitte immer wieder nach, wenn Sie etwas vermissen. Schmuckst\u00fccke, Brillen und andere Wertsachen finden Sie im Sekretariat. Alles was nicht abgeholt wird, spenden wir in regelm\u00e4\u00dfigen Abst\u00e4nden.<\/p>\n<p><strong>F\u00f6rderverein<\/strong><br \/>\nDurch Ihre Mitgliedschaft unterst\u00fctzen Sie den F\u00f6rderverein und die Schule sehr. Eine Beitrittserkl\u00e4rung finden Sie <a href=\"https:\/\/wittelsbacher-gs.de\/wp-content\/uploads\/2022\/05\/Foerderverein_Flyer-2020.pdf\">hier<\/a>.<\/p>\n<p><strong>Gesunde Pause<\/strong><br \/>\nDie \u201eGesunde Pause\u201c gibt es jeden Mittwoch von der <a href=\"http:\/\/wittelsbacher-gs.de\/wp-content\/uploads\/2015\/11\/Schulprogramm_Plakat_2020.pdf\">Rollenden Gem\u00fcsekiste<\/a> (Bioqualit\u00e4t).<\/p>\n<p><strong>Hausaufgaben<\/strong><br \/>\nEltern sind laut Art. 76 BayEUG f\u00fcr die p\u00fcnktliche und gewissenhafte Erf\u00fcllung der schulischen Pflichten und der von der Schule gestellten Anforderungen verantwortlich: Kontrolle der Vollst\u00e4ndigkeit, aber nicht der Richtigkeit. Diese Verantwortung kann nicht auf die Mittagsbetreuung \u00fcbertragen werden.<\/p>\n<p><strong>Hausordnung<\/strong><br \/>\nDie Hausordnung ist allen Kindern vertraut. Grundlegend ist, dass Fehler passieren und jeder eine 2. Chance bekommt. Bei wiederholtem Fehlverhalten findet ein Gespr\u00e4ch zwischen Lehrkraft und Kind statt. Wenn es weiterhin f\u00fcr das Kind nicht m\u00f6glich ist, sich an die vereinbarten Regeln zu halten, findet ein Gespr\u00e4ch zwischen Eltern und der Schulleitung statt, um gemeinsam eine L\u00f6sung zu finden. (siehe auch <a href=\"http:\/\/wittelsbacher-gs.de\/?page_id=972\">Hausordnung<\/a>)<\/p>\n<p><strong>Homepage<\/strong><br \/>\n<a href=\"http:\/\/www.wittelsbacher-gs.de\">www.wittelsbacher-gs.de<\/a><br \/>\nSie finden auf der Seite viele wichtige und aktuelle Informationen.<\/p>\n<p><strong>Jahrgangsstufentests<\/strong><\/p>\n<table class=\"contenttable contenttable-0\">\n<tbody>\n<tr class=\"tr-even tr-6\">\n<td class=\"td-0\" headers=\"col691-0\">Vera 3 Deutsch<\/td>\n<td class=\"td-last td-1\" headers=\"col691-1\">\u00a0(Lesen) + \u00a0(Sprache u. Sprachgebrauch)<\/td>\n<\/tr>\n<tr class=\"tr-odd tr-7\">\n<td class=\"td-0\" headers=\"col691-0\">Vera 3 Mathematik<\/td>\n<td class=\"td-last td-1\" headers=\"col691-1\">(Gr\u00f6\u00dfen u. Messen; Raum und Form)<\/td>\n<\/tr>\n<tr class=\"tr-even tr-last\">\n<td class=\"td-0\" headers=\"col691-0\">Orientierungsarbeiten 2<\/td>\n<td class=\"td-last td-1\" headers=\"col691-1\">(Deutsch &#8211; Richtig schreiben)<\/td>\n<\/tr>\n<\/tbody>\n<\/table>\n<p>Quelle:\u00a0<a href=\"http:\/\/schulamt-augsburg.de\/index.php?id=226\">http:\/\/schulamt-augsburg.de\/index.php?id=226<\/a><\/p>\n<p style=\"margin: 0cm; margin-bottom: .0001pt; line-height: normal; background: #E2FAE1;\"><strong>\u00a0<\/strong><\/p>\n<p style=\"margin: 0cm; margin-bottom: .0001pt; line-height: normal; background: #E2FAE1;\"><strong>Krankmeldung \u00a0 \u00a0 \u00a0 \u00a0 \u00a0 \u00a0 \u00a0 \u00a0 \u00a0 \u00a0 \u00a0 \u00a0 \u00a0 \u00a0 \u00a0 \u00a0 \u00a0 \u00a0 \u00a0 \u00a0 \u00a0 \u00a0 \u00a0 \u00a0 \u00a0 \u00a0 \u00a0 \u00a0 \u00a0 \u00a0 \u00a0 \u00a0 \u00a0 \u00a0 \u00a0 \u00a0 \u00a0 \u00a0 \u00a0 \u00a0 \u00a0 \u00a0 \u00a0 \u00a0 \u00a0 \u00a0 \u00a0 \u00a0 \u00a0 \u00a0 \u00a0 \u00a0 \u00a0 \u00a0 \u00a0 \u00a0 \u00a0 \u00a0 \u00a0 \u00a0 \u00a0 \u00a0 \u00a0 \u00a0 \u00a0 \u00a0 \u00a0 \u00a0 \u00a0 \u00a0 \u00a0 \u00a0 \u00a0 \u00a0 \u00a0 \u00a0 \u00a0 \u00a0 \u00a0 \u00a0 \u00a0 \u00a0 \u00a0 \u00a0 \u00a0 \u00a0 \u00a0 \u00a0 \u00a0 \u00a0 \u00a0 \u00a0 \u00a0 \u00a0 \u00a0 \u00a0 \u00a0 \u00a0 \u00a0 \u00a0 \u00a0 \u00a0 \u00a0 \u00a0 \u00a0 \u00a0 \u00a0 \u00a0 \u00a0 \u00a0 \u00a0 \u00a0 \u00a0 \u00a0 \u00a0 \u00a0 \u00a0 \u00a0 \u00a0 \u00a0 \u00a0<\/strong><\/p>\n<p style=\"margin: 0cm; margin-bottom: .0001pt; line-height: normal; background: #E2FAE1;\">Wir bitten Sie, Ihr Kind bei Erkrankung bereits am 1. Tag der Abwesenheit zuverl\u00e4ssig bevorzugt \u00fcber Edoop zwischen 7.30 und 8.00 Uhr zu entschuldigen.<\/p>\n<p><strong>L\u00e4use<\/strong><br \/>\nSollte bei Ihrem Kind bzw. in Ihrer Familie ein Kopflausbefall auftreten, bitten wir Sie, uns dies unverz\u00fcglich mitzuteilen und zu verfahren wie im <a href=\"http:\/\/wittelsbacher-gs.de\/wp-content\/uploads\/2019\/10\/Kopfl\u00e4use.pdf\">Schreiben des Gesundheitsamtes<\/a> empfohlen. Sollte in der Klasse Ihres Kindes ein Kopflausbefall auftreten, werden sie gesondert informiert. Der Name des betroffenen Kindes wird nicht bekanntgegeben.<\/p>\n<p><strong>Leistungserhebung und -bewertung<\/strong><br \/>\nMit der Einf\u00fchrung des neuen LehrplanPlus haben sich auch die Richtlinien f\u00fcr die Leistungserhebungen und Leistungsbewertungen ver\u00e4ndert. Wir haben gemeinsam ein Leistungskonzept erarbeitet und informieren Sie umfassend in Elternabenden und in einem Elternbrief.<\/p>\n<p><strong>Lernkarussell<\/strong><br \/>\nDen Sch\u00fclern der 1. und 4. Jahrgangsstufe wird das Lernkarussell ab\u00a0Mai angeboten.<\/p>\n<p><b>Leseinsel-\u00d6ffnungszeiten:<\/b><\/p>\n<p>Montag bis Freitag: 7.30 Uhr bis\u00a0 7.45 Uhr<\/p>\n<p><strong>Mittagsbetreuung \u00a0 \u00a0 \u00a0 \u00a0 \u00a0 \u00a0 \u00a0 \u00a0 \u00a0 \u00a0 \u00a0 \u00a0 \u00a0 \u00a0 \u00a0 \u00a0 \u00a0 \u00a0 \u00a0 \u00a0 \u00a0 \u00a0 \u00a0 \u00a0 \u00a0 \u00a0 \u00a0 \u00a0 \u00a0 \u00a0 \u00a0 \u00a0 \u00a0 \u00a0 \u00a0 \u00a0 \u00a0 \u00a0 \u00a0 \u00a0 \u00a0 \u00a0 \u00a0 \u00a0 \u00a0 \u00a0 \u00a0 \u00a0 \u00a0 \u00a0 \u00a0 \u00a0 \u00a0 \u00a0 \u00a0 \u00a0 \u00a0 \u00a0 \u00a0 \u00a0 \u00a0 \u00a0 \u00a0 \u00a0 \u00a0 \u00a0 \u00a0 \u00a0 \u00a0 \u00a0 \u00a0 \u00a0 \u00a0 \u00a0 \u00a0 \u00a0 \u00a0 \u00a0 \u00a0 \u00a0 \u00a0 \u00a0 \u00a0 \u00a0 \u00a0 \u00a0 \u00a0 \u00a0 \u00a0 \u00a0 \u00a0 \u00a0 \u00a0 \u00a0 \u00a0 \u00a0 \u00a0 \u00a0 \u00a0 \u00a0 \u00a0 \u00a0 \u00a0 \u00a0 \u00a0 \u00a0 \u00a0 \u00a0 \u00a0 \u00a0 \u00a0 \u00a0 \u00a0 \u00a0 \u00a0 \u00a0 \u00a0 \u00a0 \u00a0 \u00a0<\/strong><\/p>\n<p>Es werden zwei verschiedene Betreuungszeiten jeweils nach Schulschluss angeboten:<\/p>\n<ul>\n<li>Mittagsbetreuung bis 14.00 Uhr<\/li>\n<li>verl\u00e4ngerte Mittagsbetreuung bis 17.00 Uhr \u00a0 \u00a0 \u00a0 \u00a0 \u00a0 \u00a0 \u00a0 \u00a0 \u00a0 \u00a0 \u00a0 \u00a0 \u00a0 \u00a0 \u00a0 \u00a0 \u00a0 \u00a0 \u00a0 \u00a0 \u00a0 \u00a0 \u00a0 \u00a0 \u00a0 \u00a0 \u00a0 \u00a0 \u00a0 \u00a0 \u00a0 \u00a0 \u00a0 \u00a0 \u00a0 \u00a0 \u00a0 \u00a0 \u00a0 \u00a0 \u00a0 \u00a0 \u00a0 \u00a0 \u00a0 \u00a0 \u00a0 \u00a0 \u00a0 \u00a0<u><\/u><\/li>\n<\/ul>\n<p><u>Kontakt:<\/u>\u00a0 Email: mittagsbetreuung-wittelsbach@t-online.de<a href=\"mailto:mibe-wittelsbach@web.de\"><br \/>\n<\/a><br \/>\nLeitung: Dorthe Te\u00dfarek<\/p>\n<p><strong>P\u00fcnktlichkeit<\/strong><br \/>\nF\u00fcr Ihre Kinder ist es ausgesprochen wichtig, rechtzeitig in der Schule zu sein. Ab 7.45 Uhr sind alle Klassenzimmert\u00fcren ge\u00f6ffnet. Der Unterricht beginnt um 8.00 Uhr.<\/p>\n<p><strong>Religi\u00f6se Feiertage<\/strong><br \/>\nEine Unterrichtsbefreiung ist auf Antrag selbstverst\u00e4ndlich m\u00f6glich.<\/p>\n<p><strong>Religionen<\/strong><br \/>\nVerschiedene Religionen kennen und respektieren lernen war das schul\u00fcbergreifende Jahresthema 2016\/17. Im Schuljahr 2018\/19 wurde im Rahmen der feierlichen Er\u00f6ffnung des Auerhauses der Engel der Kulturen installiert.<\/p>\n<p><strong>Schulberatung<br \/>\n<\/strong>Unsere qualifizierte Beratungslehrerin, Frau Lisa Miosga ber\u00e4t Sie gerne bei Fragen zur Einschulung und zur weiteren Schullaufbahn, bei allgemeinen Fragen zur Begabung, bei Leistungsproblemen, bei Fragen \u00fcber m\u00f6gliche Schulabschl\u00fcsse.<br \/>\nTeilen Sie uns gerne Ihren Gespr\u00e4chswunsch per Email mit, wir werden diesen an Frau Miosga weiterleiten.<\/p>\n<p><b>Schulpsychologische Beratung<\/b><\/p>\n<p>Frau Silvia Ferreira da Silva ist Schulpsychologin an der <a href=\"http:\/\/wittelsbacher-gs.de\/wp-content\/uploads\/2019\/10\/Plakat-2019.20-Schulpsychologische-Beratung.pdf\">Beratungsstelle<\/a> des Staatlichen Schulamtes der Stadt Augsburg und ist f\u00fcr die Wittelsbacher Grundschule zust\u00e4ndig.<\/p>\n<p>Telefonsprechzeit: Dienstag und Donnerstag, 12.30 Uhr bis 13.30 Uhr, Tel. 0821 324 6916<\/p>\n<p>Weitere Beratungsm\u00f6glichkeit:<br \/>\nStaatliche Schulberatungsstelle f\u00fcr Schwaben<br \/>\nBeethovenstr. 4 86150 Augsburg<br \/>\nTel. 0821 509 160<br \/>\n<a href=\"http:\/\/www.schulberatung.bayern.de\/\">www.schulberatung.bayern.de<\/a><\/p>\n<p><strong>Schulb\u00fccher<\/strong><\/p>\n<p>Nahezu alle Sch\u00fcler gehen mit den B\u00fcchern, die von der Schule zur Verf\u00fcgung gestellt werden, sorgsam um.<br \/>\nDennoch weisen wir auf folgende Punkte hin:<\/p>\n<ul>\n<li>Jedes Buch, das Ihr Kind von der Schule erh\u00e4lt, muss eingebunden werden;<\/li>\n<li>Geht ein Buch verloren oder wird ein neuwertiges Buch entsprechend besch\u00e4digt, m\u00fcssen die Eltern den Zeitwert des Buches ersetzen. Auch bei \u00e4lteren B\u00fcchern wird bei Besch\u00e4digung von der Schule ein angemessener Zeitwert festgesetzt.<\/li>\n<li>Kontrollieren Sie bitte alle B\u00fccher, die Ihr Kind erh\u00e4lt, auf Besch\u00e4digungen. Festgestellte Sch\u00e4den, die nicht in den B\u00fcchern eingetragen sind, teilen Sie bitte der Klassenleitung mit.<\/li>\n<li>In diesem Schuljahr hat die Stadt Augsburg allen Grundschulen ein gro\u00dfz\u00fcgiges Budget f\u00fcr die Schulb\u00fccher zur Verf\u00fcgung gestellt und wir k\u00f6nnen die 3. Klassen in allen Fachbereichen mit neuen B\u00fcchern ausstatten.<\/li>\n<\/ul>\n<p><strong>Sch\u00fclerrat<\/strong><br \/>\nDie Klassensprecher der 2., 3. und 4. Klassen sind im Sch\u00fclerrat. Wichtige schulische Entscheidungen werden von Ihnen in enger Absprache mit dem Lehrerkollegium und Elternbeirat getroffen.<\/p>\n<p><strong>Schmuck und Sport<\/strong><br \/>\nW\u00fcnschenswert w\u00e4re, wenn die Kinder an Tagen mit Sportunterricht keinen Schmuck tragen. Kinder d\u00fcrfen ausschlie\u00dflich ohne Schmuck oder von Eltern abgeklebtem Schmuck am Sportunterricht teilnehmen.<\/p>\n<p><strong>Sekretariat<\/strong><br \/>\nDas Sekretariat ist an Schultagen \u00a0von 7.30 Uhr &#8211; 13.00 Uhr telefonisch, pers\u00f6nlich und bevorzugt per Mail erreichbar. Nutzen Sie bitte die Mailbox der Schule, falls das B\u00fcro nicht besetzt ist.<\/p>\n<p><strong>Smartwatches<\/strong><\/p>\n<div>\n<p>Smartwatches mit Spionage-\/Abh\u00f6rfunktion sind in der Schule grunds\u00e4tzlich verboten und d\u00fcrfen deshalb NICHT getragen werden.<\/p>\n<\/div>\n<div>\n<p>Sollten die Sch\u00fcler sie dennoch in der Schule tragen, m\u00fcssen sie ein Zertifikat in deutscher Sprache mitbringen, welches belegt, dass die Uhr nicht \u00fcber eine Abh\u00f6rfunktion verf\u00fcgt.<\/p>\n<\/div>\n<div>\n<p>Sofern es sich um eine \u201enormale\u201c Smartwatch ohne Abh\u00f6rfunktion handelt, darf das Kind diese in die Schule mitbringen. Sie muss allerdings ausgeschaltet in der Schultasche liegen.<\/p>\n<\/div>\n<p><b>Sprechzeiten der Lehrkr\u00e4fte<\/b><\/p>\n<p>Bitte hier klicken: \u00a0<a href=\"https:\/\/wittelsbacher-gs.de\/?page_id=269\">https:\/\/wittelsbacher-gs.de\/?page_id=269<\/a><\/p>\n<p><strong>Wicht<\/strong><\/p>\n<p><img loading=\"lazy\" decoding=\"async\" class=\"alignleft wp-image-2009\" src=\"http:\/\/wittelsbacher-gs.de\/wp-content\/uploads\/2019\/10\/Wicht_liegend-300x181.jpg\" alt=\"wicht_liegend\" width=\"83\" height=\"50\" srcset=\"https:\/\/wittelsbacher-gs.de\/wp-content\/uploads\/2019\/10\/Wicht_liegend-300x181.jpg 300w, https:\/\/wittelsbacher-gs.de\/wp-content\/uploads\/2019\/10\/Wicht_liegend-768x464.jpg 768w, https:\/\/wittelsbacher-gs.de\/wp-content\/uploads\/2019\/10\/Wicht_liegend-1024x618.jpg 1024w\" sizes=\"(max-width: 83px) 100vw, 83px\" \/>In der Wittelsbacher Grundschule ist ein kleiner Wicht eingezogen, der auf dem Dachboden wohnt und nachts in der Schule herumgeistert.<br \/>\nIm Schulhaus gibt es zwei Briefk\u00e4sten und jedes Kind kann ihm einen Brief schreiben oder malen. Die Kinder k\u00f6nnen ihre Sorgen dem Wicht anvertrauen. Alle Briefe werden selbstverst\u00e4ndlich beantwortet.<\/p>\n<p><strong>\u201ewitti-Sponsorenlauf\u201c<\/strong><br \/>\nBeim letzten Sponsorenlauf sind die Kinder 4258 Runden gelaufen \u00a0&#8211; das sind insgesamt 2469 km, eine Strecke von Augsburg bis fast nach Reykjavik (Island).<\/p>\n<p><strong>Zeugnistermine<\/strong><\/p>\n<ul>\n<li><strong>\u00dcbertrittszeugnis<\/strong>: 04.05.2026<\/li>\n<li><strong>Jahreszeugnis <\/strong>und letzter Schultag vor den Sommerferien: 31.07.2026<\/li>\n<\/ul>\n<p><a href=\"http:\/\/wittelsbacher-gs.de\/?page_id=28\">&lt;&lt;&lt; zur\u00fcck<\/a><\/p>\n","protected":false},"excerpt":{"rendered":"<p>Hier gibt es die wichtigsten Informationen von A-Z: \u00c4nderungen bei Adresse und Telefon Bitte teilen Sie entsprechende \u00c4nderungen umgehend der Schule mit, damit wir Sie erreichen k\u00f6nnen.<\/p>\n","protected":false},"author":1,"featured_media":0,"parent":28,"menu_order":1,"comment_status":"closed","ping_status":"closed","template":"","meta":{"footnotes":""},"class_list":["post-661","page","type-page","status-publish","hentry","","tg-column-third"],"_links":{"self":[{"href":"https:\/\/wittelsbacher-gs.de\/index.php?rest_route=\/wp\/v2\/pages\/661"}],"collection":[{"href":"https:\/\/wittelsbacher-gs.de\/index.php?rest_route=\/wp\/v2\/pages"}],"about":[{"href":"https:\/\/wittelsbacher-gs.de\/index.php?rest_route=\/wp\/v2\/types\/page"}],"author":[{"embeddable":true,"href":"https:\/\/wittelsbacher-gs.de\/index.php?rest_route=\/wp\/v2\/users\/1"}],"replies":[{"embeddable":true,"href":"https:\/\/wittelsbacher-gs.de\/index.php?rest_route=%2Fwp%2Fv2%2Fcomments&post=661"}],"version-history":[{"count":115,"href":"https:\/\/wittelsbacher-gs.de\/index.php?rest_route=\/wp\/v2\/pages\/661\/revisions"}],"predecessor-version":[{"id":5321,"href":"https:\/\/wittelsbacher-gs.de\/index.php?rest_route=\/wp\/v2\/pages\/661\/revisions\/5321"}],"up":[{"embeddable":true,"href":"https:\/\/wittelsbacher-gs.de\/index.php?rest_route=\/wp\/v2\/pages\/28"}],"wp:attachment":[{"href":"https:\/\/wittelsbacher-gs.de\/index.php?rest_route=%2Fwp%2Fv2%2Fmedia&parent=661"}],"curies":[{"name":"wp","href":"https:\/\/api.w.org\/{rel}","templated":true}]}}