

{"id":5404,"date":"2026-05-07T17:59:15","date_gmt":"2026-05-07T15:59:15","guid":{"rendered":"https:\/\/wittelsbacher-gs.de\/?page_id=5404"},"modified":"2026-05-07T17:59:16","modified_gmt":"2026-05-07T15:59:16","slug":"wir-waren-pausenspieltester","status":"publish","type":"page","link":"https:\/\/wittelsbacher-gs.de\/?page_id=5404","title":{"rendered":"Wir waren Pausenspieltester"},"content":{"rendered":"\n<p>Wir waren Pausenspieltester<\/p>\n\n\n\n<p>Im Pausenhof gibt es seit Kurzem einen Schrank f\u00fcr die Pausen. Es sind in den Pausen 4.Kl\u00e4ssler dort. Du brauchst nur deine Karte abzugeben und kannst sagen, was du zum Spielen haben m\u00f6chtest. Ich finde die Boje an den Schn\u00fcren sehr toll. Man kann sie so gro\u00dfartig hin und her flitzen lassen. Und es gibt noch so viele tolle Pausenspiele. Wenn ihr wollt, probiert es doch einfach aus! Viel Spa\u00df!<\/p>\n\n\n\n<p>Eure Finja aus der 2a<\/p>\n\n\n\n<p>Im Pausenhof gibt es einen Schrank f\u00fcr Spiele. In der Pause d\u00fcrfen immer andere Klassen Spiele ausleihen. Erst die 1. Klassen, dann die 2., dann die 3. Und zu guter Letzt die 4. Klassen. Zum Ausleihen braucht man einen besonderen Ausweis. Es gibt B\u00e4lle, Springseile, Matten, H\u00fcpfseile, Hula-Hup-Reifen und vieles mehr. Die Dinge sind toll!<\/p>\n\n\n\n<p>Eure Antonia aus der 2d<\/p>\n\n\n\n<figure class=\"wp-block-image size-large\"><a href=\"https:\/\/wittelsbacher-gs.de\/wp-content\/uploads\/2026\/05\/IMG_4657.jpeg\"><img loading=\"lazy\" decoding=\"async\" width=\"1024\" height=\"768\" src=\"https:\/\/wittelsbacher-gs.de\/wp-content\/uploads\/2026\/05\/IMG_4657-1024x768.jpeg\" alt=\"\" class=\"wp-image-5405\" srcset=\"https:\/\/wittelsbacher-gs.de\/wp-content\/uploads\/2026\/05\/IMG_4657-1024x768.jpeg 1024w, https:\/\/wittelsbacher-gs.de\/wp-content\/uploads\/2026\/05\/IMG_4657-300x225.jpeg 300w, https:\/\/wittelsbacher-gs.de\/wp-content\/uploads\/2026\/05\/IMG_4657-768x576.jpeg 768w, https:\/\/wittelsbacher-gs.de\/wp-content\/uploads\/2026\/05\/IMG_4657-1536x1152.jpeg 1536w, https:\/\/wittelsbacher-gs.de\/wp-content\/uploads\/2026\/05\/IMG_4657.jpeg 2048w\" sizes=\"(max-width: 1024px) 100vw, 1024px\" \/><\/a><\/figure>\n\n\n\n<figure class=\"wp-block-image size-large\"><a href=\"https:\/\/wittelsbacher-gs.de\/wp-content\/uploads\/2026\/05\/Handgeschrieben_2026-05-05_230332.jpg\"><img loading=\"lazy\" decoding=\"async\" width=\"743\" height=\"1024\" src=\"https:\/\/wittelsbacher-gs.de\/wp-content\/uploads\/2026\/05\/Handgeschrieben_2026-05-05_230332-743x1024.jpg\" alt=\"\" class=\"wp-image-5406\" srcset=\"https:\/\/wittelsbacher-gs.de\/wp-content\/uploads\/2026\/05\/Handgeschrieben_2026-05-05_230332-743x1024.jpg 743w, https:\/\/wittelsbacher-gs.de\/wp-content\/uploads\/2026\/05\/Handgeschrieben_2026-05-05_230332-218x300.jpg 218w, https:\/\/wittelsbacher-gs.de\/wp-content\/uploads\/2026\/05\/Handgeschrieben_2026-05-05_230332-768x1058.jpg 768w, https:\/\/wittelsbacher-gs.de\/wp-content\/uploads\/2026\/05\/Handgeschrieben_2026-05-05_230332-1115x1536.jpg 1115w, https:\/\/wittelsbacher-gs.de\/wp-content\/uploads\/2026\/05\/Handgeschrieben_2026-05-05_230332-1487x2048.jpg 1487w, https:\/\/wittelsbacher-gs.de\/wp-content\/uploads\/2026\/05\/Handgeschrieben_2026-05-05_230332.jpg 1696w\" sizes=\"(max-width: 743px) 100vw, 743px\" \/><\/a><\/figure>\n\n\n\n<figure class=\"wp-block-image size-large\"><a href=\"https:\/\/wittelsbacher-gs.de\/wp-content\/uploads\/2026\/05\/Handgeschrieben_2026-05-05_225019-rotated.jpg\"><img loading=\"lazy\" decoding=\"async\" width=\"1024\" height=\"743\" src=\"https:\/\/wittelsbacher-gs.de\/wp-content\/uploads\/2026\/05\/Handgeschrieben_2026-05-05_225019-1024x743.jpg\" alt=\"\" class=\"wp-image-5407\" srcset=\"https:\/\/wittelsbacher-gs.de\/wp-content\/uploads\/2026\/05\/Handgeschrieben_2026-05-05_225019-1024x743.jpg 1024w, https:\/\/wittelsbacher-gs.de\/wp-content\/uploads\/2026\/05\/Handgeschrieben_2026-05-05_225019-300x218.jpg 300w, https:\/\/wittelsbacher-gs.de\/wp-content\/uploads\/2026\/05\/Handgeschrieben_2026-05-05_225019-768x558.jpg 768w, https:\/\/wittelsbacher-gs.de\/wp-content\/uploads\/2026\/05\/Handgeschrieben_2026-05-05_225019-1536x1115.jpg 1536w, https:\/\/wittelsbacher-gs.de\/wp-content\/uploads\/2026\/05\/Handgeschrieben_2026-05-05_225019-2048x1487.jpg 2048w\" sizes=\"(max-width: 1024px) 100vw, 1024px\" \/><\/a><\/figure>\n","protected":false},"excerpt":{"rendered":"<p>Wir waren Pausenspieltester Im Pausenhof gibt es seit Kurzem einen Schrank f\u00fcr die Pausen. Es sind in den Pausen 4.Kl\u00e4ssler dort. Du brauchst nur deine Karte abzugeben<\/p>\n","protected":false},"author":4,"featured_media":0,"parent":5136,"menu_order":0,"comment_status":"closed","ping_status":"closed","template":"","meta":{"footnotes":""},"class_list":["post-5404","page","type-page","status-publish","hentry","","tg-column-third"],"_links":{"self":[{"href":"https:\/\/wittelsbacher-gs.de\/index.php?rest_route=\/wp\/v2\/pages\/5404"}],"collection":[{"href":"https:\/\/wittelsbacher-gs.de\/index.php?rest_route=\/wp\/v2\/pages"}],"about":[{"href":"https:\/\/wittelsbacher-gs.de\/index.php?rest_route=\/wp\/v2\/types\/page"}],"author":[{"embeddable":true,"href":"https:\/\/wittelsbacher-gs.de\/index.php?rest_route=\/wp\/v2\/users\/4"}],"replies":[{"embeddable":true,"href":"https:\/\/wittelsbacher-gs.de\/index.php?rest_route=%2Fwp%2Fv2%2Fcomments&post=5404"}],"version-history":[{"count":1,"href":"https:\/\/wittelsbacher-gs.de\/index.php?rest_route=\/wp\/v2\/pages\/5404\/revisions"}],"predecessor-version":[{"id":5408,"href":"https:\/\/wittelsbacher-gs.de\/index.php?rest_route=\/wp\/v2\/pages\/5404\/revisions\/5408"}],"up":[{"embeddable":true,"href":"https:\/\/wittelsbacher-gs.de\/index.php?rest_route=\/wp\/v2\/pages\/5136"}],"wp:attachment":[{"href":"https:\/\/wittelsbacher-gs.de\/index.php?rest_route=%2Fwp%2Fv2%2Fmedia&parent=5404"}],"curies":[{"name":"wp","href":"https:\/\/api.w.org\/{rel}","templated":true}]}}