

{"id":5243,"date":"2026-01-27T13:32:49","date_gmt":"2026-01-27T12:32:49","guid":{"rendered":"https:\/\/wittelsbacher-gs.de\/?page_id=5243"},"modified":"2026-01-27T13:41:09","modified_gmt":"2026-01-27T12:41:09","slug":"schulleben-2","status":"publish","type":"page","link":"https:\/\/wittelsbacher-gs.de\/?page_id=5243","title":{"rendered":"Schulleben"},"content":{"rendered":"\n<p><a href=\"https:\/\/wittelsbacher-gs.de\/?page_id=4641\" data-type=\"page\" data-id=\"4641\">Feste und Veranstaltungen<\/a><\/p>\n\n\n\n<p><a href=\"https:\/\/wittelsbacher-gs.de\/?page_id=5223\" data-type=\"page\" data-id=\"5223\">Ausfl\u00fcge<\/a><\/p>\n\n\n\n<p><a href=\"https:\/\/wittelsbacher-gs.de\/?page_id=5136\" data-type=\"page\" data-id=\"5136\">Witti-Reporter<\/a><\/p>\n\n\n\n<p><a href=\"https:\/\/wittelsbacher-gs.de\/?page_id=4643\" data-type=\"page\" data-id=\"4643\">Wettbewerbe<\/a><\/p>\n\n\n\n<p><a href=\"https:\/\/wittelsbacher-gs.de\/?page_id=4653\" data-type=\"page\" data-id=\"4653\">Theater<\/a><\/p>\n\n\n\n<p><a href=\"https:\/\/wittelsbacher-gs.de\/?page_id=4649\" data-type=\"page\" data-id=\"4649\">Tiere<\/a><\/p>\n\n\n\n<p><a href=\"https:\/\/wittelsbacher-gs.de\/?page_id=4634\" data-type=\"page\" data-id=\"4634\">Au\u00dfergew\u00f6hnliches<\/a><\/p>\n\n\n\n<p><\/p>\n","protected":false},"excerpt":{"rendered":"<p>Feste und Veranstaltungen Ausfl\u00fcge Witti-Reporter Wettbewerbe Theater Tiere Au\u00dfergew\u00f6hnliches<\/p>\n","protected":false},"author":4,"featured_media":0,"parent":0,"menu_order":3,"comment_status":"closed","ping_status":"closed","template":"","meta":{"footnotes":""},"class_list":["post-5243","page","type-page","status-publish","hentry","","tg-column-third"],"_links":{"self":[{"href":"https:\/\/wittelsbacher-gs.de\/index.php?rest_route=\/wp\/v2\/pages\/5243"}],"collection":[{"href":"https:\/\/wittelsbacher-gs.de\/index.php?rest_route=\/wp\/v2\/pages"}],"about":[{"href":"https:\/\/wittelsbacher-gs.de\/index.php?rest_route=\/wp\/v2\/types\/page"}],"author":[{"embeddable":true,"href":"https:\/\/wittelsbacher-gs.de\/index.php?rest_route=\/wp\/v2\/users\/4"}],"replies":[{"embeddable":true,"href":"https:\/\/wittelsbacher-gs.de\/index.php?rest_route=%2Fwp%2Fv2%2Fcomments&post=5243"}],"version-history":[{"count":2,"href":"https:\/\/wittelsbacher-gs.de\/index.php?rest_route=\/wp\/v2\/pages\/5243\/revisions"}],"predecessor-version":[{"id":5250,"href":"https:\/\/wittelsbacher-gs.de\/index.php?rest_route=\/wp\/v2\/pages\/5243\/revisions\/5250"}],"wp:attachment":[{"href":"https:\/\/wittelsbacher-gs.de\/index.php?rest_route=%2Fwp%2Fv2%2Fmedia&parent=5243"}],"curies":[{"name":"wp","href":"https:\/\/api.w.org\/{rel}","templated":true}]}}