

{"id":5214,"date":"2026-01-16T15:20:21","date_gmt":"2026-01-16T14:20:21","guid":{"rendered":"https:\/\/wittelsbacher-gs.de\/?page_id=5214"},"modified":"2026-01-27T15:27:21","modified_gmt":"2026-01-27T14:27:21","slug":"schuelerrat","status":"publish","type":"page","link":"https:\/\/wittelsbacher-gs.de\/?page_id=5214","title":{"rendered":"Sch\u00fclerrat"},"content":{"rendered":"\n<p>Wir sind eine Mit! &#8211; Schule!<\/p>\n\n\n\n<figure class=\"wp-block-image size-full\"><a href=\"https:\/\/wittelsbacher-gs.de\/wp-content\/uploads\/2024\/07\/mit.jpg\"><img loading=\"lazy\" decoding=\"async\" width=\"310\" height=\"290\" src=\"https:\/\/wittelsbacher-gs.de\/wp-content\/uploads\/2024\/07\/mit.jpg\" alt=\"\" class=\"wp-image-4763\" srcset=\"https:\/\/wittelsbacher-gs.de\/wp-content\/uploads\/2024\/07\/mit.jpg 310w, https:\/\/wittelsbacher-gs.de\/wp-content\/uploads\/2024\/07\/mit-300x281.jpg 300w\" sizes=\"(max-width: 310px) 100vw, 310px\" \/><\/a><\/figure>\n\n\n\n<p>Partizipation spielt an der Wittelsbacher-Grundschule eine enorme Rolle.<\/p>\n\n\n\n<p>In den 2., 3. und 4. Klassen werden Klassensprecher gew\u00e4hlt und schul\u00fcbergreifend werden von allen Sch\u00fclerinnen und Sch\u00fcler Sch\u00fclersprecher gew\u00e4hlt.<\/p>\n\n\n\n<p>Alle Klassensprecher treffen sich regelm\u00e4\u00dfig (Sch\u00fclerrat) mit der Schulleitung, um umfassend informiert zu werden und mitzuentscheiden.<\/p>\n\n\n\n<p>In diesem Schuljahr lag der Schwerpunkt auf der Pausenhofgestaltung und nach wertvollen Diskussionen zwei \u00dcberarbeitungen der Planung, hat der Sch\u00fclerrat die Umsetzung freigegeben.<\/p>\n\n\n\n<p>Herzlichen Dank an alle Klassensprecherinnen und Klassensprecher!<\/p>\n\n\n\n<p>Ihr ward gro\u00dfartig!<\/p>\n\n\n\n<p><\/p>\n","protected":false},"excerpt":{"rendered":"<p>Wir sind eine Mit! &#8211; Schule! Partizipation spielt an der Wittelsbacher-Grundschule eine enorme Rolle. In den 2., 3. und 4. Klassen werden Klassensprecher gew\u00e4hlt und schul\u00fcbergreifend werden<\/p>\n","protected":false},"author":4,"featured_media":0,"parent":5210,"menu_order":0,"comment_status":"closed","ping_status":"closed","template":"","meta":{"footnotes":""},"class_list":["post-5214","page","type-page","status-publish","hentry","","tg-column-third"],"_links":{"self":[{"href":"https:\/\/wittelsbacher-gs.de\/index.php?rest_route=\/wp\/v2\/pages\/5214"}],"collection":[{"href":"https:\/\/wittelsbacher-gs.de\/index.php?rest_route=\/wp\/v2\/pages"}],"about":[{"href":"https:\/\/wittelsbacher-gs.de\/index.php?rest_route=\/wp\/v2\/types\/page"}],"author":[{"embeddable":true,"href":"https:\/\/wittelsbacher-gs.de\/index.php?rest_route=\/wp\/v2\/users\/4"}],"replies":[{"embeddable":true,"href":"https:\/\/wittelsbacher-gs.de\/index.php?rest_route=%2Fwp%2Fv2%2Fcomments&post=5214"}],"version-history":[{"count":4,"href":"https:\/\/wittelsbacher-gs.de\/index.php?rest_route=\/wp\/v2\/pages\/5214\/revisions"}],"predecessor-version":[{"id":5267,"href":"https:\/\/wittelsbacher-gs.de\/index.php?rest_route=\/wp\/v2\/pages\/5214\/revisions\/5267"}],"up":[{"embeddable":true,"href":"https:\/\/wittelsbacher-gs.de\/index.php?rest_route=\/wp\/v2\/pages\/5210"}],"wp:attachment":[{"href":"https:\/\/wittelsbacher-gs.de\/index.php?rest_route=%2Fwp%2Fv2%2Fmedia&parent=5214"}],"curies":[{"name":"wp","href":"https:\/\/api.w.org\/{rel}","templated":true}]}}