

{"id":5208,"date":"2026-01-16T15:14:40","date_gmt":"2026-01-16T14:14:40","guid":{"rendered":"https:\/\/wittelsbacher-gs.de\/?page_id=5208"},"modified":"2026-01-27T13:47:06","modified_gmt":"2026-01-27T12:47:06","slug":"wir-machen-mit","status":"publish","type":"page","link":"https:\/\/wittelsbacher-gs.de\/?page_id=5208","title":{"rendered":"Wir machen mit!"},"content":{"rendered":"\n<p><a href=\"https:\/\/wittelsbacher-gs.de\/?page_id=5225\" data-type=\"page\" data-id=\"5225\">Musik und sportbegeisterte Schule<\/a><\/p>\n\n\n\n<p><a href=\"https:\/\/wittelsbacher-gs.de\/?page_id=4218\" data-type=\"page\" data-id=\"4218\">Fr\u00fchst\u00fcck f\u00fcr Kinder<\/a><\/p>\n\n\n\n<p><a href=\"https:\/\/wittelsbacher-gs.de\/?page_id=1417\" data-type=\"page\" data-id=\"1417\">EU &#8211; Schulprogramm Obst und Gem\u00fcse<\/a><\/p>\n\n\n\n<p><a href=\"https:\/\/wittelsbacher-gs.de\/?page_id=3664\" data-type=\"page\" data-id=\"3664\">Die Leseinsel hat ge\u00f6ffnet!<\/a><\/p>\n\n\n\n<p><\/p>\n","protected":false},"excerpt":{"rendered":"<p>Musik und sportbegeisterte Schule Fr\u00fchst\u00fcck f\u00fcr Kinder EU &#8211; Schulprogramm Obst und Gem\u00fcse Die Leseinsel hat ge\u00f6ffnet!<\/p>\n","protected":false},"author":4,"featured_media":0,"parent":0,"menu_order":5,"comment_status":"closed","ping_status":"closed","template":"","meta":{"footnotes":""},"class_list":["post-5208","page","type-page","status-publish","hentry","","tg-column-third"],"_links":{"self":[{"href":"https:\/\/wittelsbacher-gs.de\/index.php?rest_route=\/wp\/v2\/pages\/5208"}],"collection":[{"href":"https:\/\/wittelsbacher-gs.de\/index.php?rest_route=\/wp\/v2\/pages"}],"about":[{"href":"https:\/\/wittelsbacher-gs.de\/index.php?rest_route=\/wp\/v2\/types\/page"}],"author":[{"embeddable":true,"href":"https:\/\/wittelsbacher-gs.de\/index.php?rest_route=\/wp\/v2\/users\/4"}],"replies":[{"embeddable":true,"href":"https:\/\/wittelsbacher-gs.de\/index.php?rest_route=%2Fwp%2Fv2%2Fcomments&post=5208"}],"version-history":[{"count":2,"href":"https:\/\/wittelsbacher-gs.de\/index.php?rest_route=\/wp\/v2\/pages\/5208\/revisions"}],"predecessor-version":[{"id":5253,"href":"https:\/\/wittelsbacher-gs.de\/index.php?rest_route=\/wp\/v2\/pages\/5208\/revisions\/5253"}],"wp:attachment":[{"href":"https:\/\/wittelsbacher-gs.de\/index.php?rest_route=%2Fwp%2Fv2%2Fmedia&parent=5208"}],"curies":[{"name":"wp","href":"https:\/\/api.w.org\/{rel}","templated":true}]}}