

{"id":5138,"date":"2025-12-12T14:15:15","date_gmt":"2025-12-12T13:15:15","guid":{"rendered":"https:\/\/wittelsbacher-gs.de\/?page_id=5138"},"modified":"2026-01-20T21:34:59","modified_gmt":"2026-01-20T20:34:59","slug":"oper-haensel-und-gretel","status":"publish","type":"page","link":"https:\/\/wittelsbacher-gs.de\/?page_id=5138","title":{"rendered":"Oper H\u00e4nsel und Gretel"},"content":{"rendered":"\n<p>Am Mittwoch, den 11.12.25 durfte die Klasse 3a einen Ausflug zur Universit\u00e4t machen, um dort ein besonderes Konzert zu erleben: Im gro\u00dfen Auditorium spielte in einem Kinderkonzert das Universit\u00e4tsorchester die M\u00e4rchenoper \u201eH\u00e4nsel und Gretel\u201c von Engelbert Humperdinck. Unterst\u00fctzt wurden die \u00fcber 60 Musiker von drei S\u00e4ngern und der Puppenspielerin Cornelia Fritzsche, welche das M\u00e4rchen abwechslungsreich und humorvoll dem Publikum n\u00e4her brachten. Nahtlose Wechsel zwischen Gesang, Instrumentalmusik und Szenen mit den Handpuppen lie\u00dfen die Zeit wie im (Hexen-)Flug vergehen<\/p>\n\n\n\n<p>Da im Musikunterricht bereits im Vorfeld einige Lieder und T\u00e4nze besprochen wurden, konnten die Kinder teilweise mitsingen und hatten gro\u00dfe Freude daran, die Melodien wiederzuerkennen, auch wenn es hin und wieder einige am\u00fcsante Textver\u00e4nderungen gab.<\/p>\n\n\n\n<p>Es war insgesamt ein tolles Erlebnis, so viele Musiker und Instrumente live zu erleben und wird bestimmt noch lange in Erinnerung bleiben, vielen Dank allen Mitwirkenden!<\/p>\n\n\n\n<figure class=\"wp-block-gallery has-nested-images columns-default is-cropped wp-block-gallery-1 is-layout-flex wp-block-gallery-is-layout-flex\">\n<figure class=\"wp-block-image size-large is-style-rounded\"><a href=\"https:\/\/wittelsbacher-gs.de\/wp-content\/uploads\/2025\/12\/shared-image-32.jpg\"><img decoding=\"async\" data-id=\"5143\" src=\"https:\/\/wittelsbacher-gs.de\/wp-content\/uploads\/2025\/12\/shared-image-32-1024x576.jpg\" alt=\"\" class=\"wp-image-5143\"\/><\/a><\/figure>\n\n\n\n<figure class=\"wp-block-image size-large is-style-rounded\"><a href=\"https:\/\/wittelsbacher-gs.de\/wp-content\/uploads\/2025\/12\/shared-image-21.jpg\"><img decoding=\"async\" data-id=\"5142\" src=\"https:\/\/wittelsbacher-gs.de\/wp-content\/uploads\/2025\/12\/shared-image-21-1024x576.jpg\" alt=\"\" class=\"wp-image-5142\"\/><\/a><\/figure>\n\n\n\n<figure class=\"wp-block-image size-large is-style-rounded\"><a href=\"https:\/\/wittelsbacher-gs.de\/wp-content\/uploads\/2025\/12\/shared-image-18-1.jpg\"><img decoding=\"async\" data-id=\"5141\" src=\"https:\/\/wittelsbacher-gs.de\/wp-content\/uploads\/2025\/12\/shared-image-18-1-1024x576.jpg\" alt=\"\" class=\"wp-image-5141\"\/><\/a><\/figure>\n<\/figure>\n","protected":false},"excerpt":{"rendered":"<p>Am Mittwoch, den 11.12.25 durfte die Klasse 3a einen Ausflug zur Universit\u00e4t machen, um dort ein besonderes Konzert zu erleben: Im gro\u00dfen Auditorium spielte in einem Kinderkonzert<\/p>\n","protected":false},"author":4,"featured_media":5222,"parent":5223,"menu_order":0,"comment_status":"closed","ping_status":"closed","template":"","meta":{"footnotes":""},"class_list":["post-5138","page","type-page","status-publish","has-post-thumbnail","hentry","","tg-column-third"],"_links":{"self":[{"href":"https:\/\/wittelsbacher-gs.de\/index.php?rest_route=\/wp\/v2\/pages\/5138"}],"collection":[{"href":"https:\/\/wittelsbacher-gs.de\/index.php?rest_route=\/wp\/v2\/pages"}],"about":[{"href":"https:\/\/wittelsbacher-gs.de\/index.php?rest_route=\/wp\/v2\/types\/page"}],"author":[{"embeddable":true,"href":"https:\/\/wittelsbacher-gs.de\/index.php?rest_route=\/wp\/v2\/users\/4"}],"replies":[{"embeddable":true,"href":"https:\/\/wittelsbacher-gs.de\/index.php?rest_route=%2Fwp%2Fv2%2Fcomments&post=5138"}],"version-history":[{"count":1,"href":"https:\/\/wittelsbacher-gs.de\/index.php?rest_route=\/wp\/v2\/pages\/5138\/revisions"}],"predecessor-version":[{"id":5144,"href":"https:\/\/wittelsbacher-gs.de\/index.php?rest_route=\/wp\/v2\/pages\/5138\/revisions\/5144"}],"up":[{"embeddable":true,"href":"https:\/\/wittelsbacher-gs.de\/index.php?rest_route=\/wp\/v2\/pages\/5223"}],"wp:featuredmedia":[{"embeddable":true,"href":"https:\/\/wittelsbacher-gs.de\/index.php?rest_route=\/wp\/v2\/media\/5222"}],"wp:attachment":[{"href":"https:\/\/wittelsbacher-gs.de\/index.php?rest_route=%2Fwp%2Fv2%2Fmedia&parent=5138"}],"curies":[{"name":"wp","href":"https:\/\/api.w.org\/{rel}","templated":true}]}}