

{"id":4854,"date":"2024-11-25T13:46:37","date_gmt":"2024-11-25T12:46:37","guid":{"rendered":"https:\/\/wittelsbacher-gs.de\/?page_id=4854"},"modified":"2025-03-12T14:25:06","modified_gmt":"2025-03-12T13:25:06","slug":"profil-sport-grundschule","status":"publish","type":"page","link":"https:\/\/wittelsbacher-gs.de\/?page_id=4854","title":{"rendered":"Profil &#8222;Sport-Grundschule&#8220;"},"content":{"rendered":"\n<p>Die Kultusministerin Anna Stolz zeichnete am 19.11. 2024 neben 48 anderen bayerischen Grundschulen in einem feierlichen Rahmen die Wittelsbacher-Grundschule mit dem Profil \u201eSport-Grundschule\u201c aus.<\/p>\n\n\n\n<p>Die Auszeichnung w\u00fcrdigt das herausragende Engagement der Schulen in den Bereichen Sport, Bewegung und gesunde Ern\u00e4hrung. Die Wittelsbacher-Grundschule \u00fcberzeugte mit der Durchf\u00fchrung des Schwimmunterrichts ab der 2. Jahrgangsstufe.<\/p>\n\n\n\n<p>Die Auszeichnung ist dotiert mit 1000\u20ac und einer zus\u00e4tzlichen Stunde Sport in allen ersten Klassen.<\/p>\n\n\n\n<p>Wir sind m\u00e4chtig stolz!<\/p>\n\n\n\n<figure class=\"wp-block-image size-full\"><a href=\"https:\/\/wittelsbacher-gs.de\/wp-content\/uploads\/2024\/11\/image001.png\"><img loading=\"lazy\" decoding=\"async\" width=\"430\" height=\"650\" src=\"https:\/\/wittelsbacher-gs.de\/wp-content\/uploads\/2024\/11\/image001.png\" alt=\"\" class=\"wp-image-4855\" srcset=\"https:\/\/wittelsbacher-gs.de\/wp-content\/uploads\/2024\/11\/image001.png 430w, https:\/\/wittelsbacher-gs.de\/wp-content\/uploads\/2024\/11\/image001-198x300.png 198w\" sizes=\"(max-width: 430px) 100vw, 430px\" \/><\/a><\/figure>\n","protected":false},"excerpt":{"rendered":"<p>Die Kultusministerin Anna Stolz zeichnete am 19.11. 2024 neben 48 anderen bayerischen Grundschulen in einem feierlichen Rahmen die Wittelsbacher-Grundschule mit dem Profil \u201eSport-Grundschule\u201c aus. Die Auszeichnung w\u00fcrdigt<\/p>\n","protected":false},"author":4,"featured_media":4857,"parent":4645,"menu_order":0,"comment_status":"closed","ping_status":"closed","template":"","meta":{"footnotes":""},"class_list":["post-4854","page","type-page","status-publish","has-post-thumbnail","hentry","","tg-column-third"],"_links":{"self":[{"href":"https:\/\/wittelsbacher-gs.de\/index.php?rest_route=\/wp\/v2\/pages\/4854"}],"collection":[{"href":"https:\/\/wittelsbacher-gs.de\/index.php?rest_route=\/wp\/v2\/pages"}],"about":[{"href":"https:\/\/wittelsbacher-gs.de\/index.php?rest_route=\/wp\/v2\/types\/page"}],"author":[{"embeddable":true,"href":"https:\/\/wittelsbacher-gs.de\/index.php?rest_route=\/wp\/v2\/users\/4"}],"replies":[{"embeddable":true,"href":"https:\/\/wittelsbacher-gs.de\/index.php?rest_route=%2Fwp%2Fv2%2Fcomments&post=4854"}],"version-history":[{"count":1,"href":"https:\/\/wittelsbacher-gs.de\/index.php?rest_route=\/wp\/v2\/pages\/4854\/revisions"}],"predecessor-version":[{"id":4856,"href":"https:\/\/wittelsbacher-gs.de\/index.php?rest_route=\/wp\/v2\/pages\/4854\/revisions\/4856"}],"up":[{"embeddable":true,"href":"https:\/\/wittelsbacher-gs.de\/index.php?rest_route=\/wp\/v2\/pages\/4645"}],"wp:featuredmedia":[{"embeddable":true,"href":"https:\/\/wittelsbacher-gs.de\/index.php?rest_route=\/wp\/v2\/media\/4857"}],"wp:attachment":[{"href":"https:\/\/wittelsbacher-gs.de\/index.php?rest_route=%2Fwp%2Fv2%2Fmedia&parent=4854"}],"curies":[{"name":"wp","href":"https:\/\/api.w.org\/{rel}","templated":true}]}}