

{"id":4712,"date":"2024-06-12T15:27:45","date_gmt":"2024-06-12T13:27:45","guid":{"rendered":"https:\/\/wittelsbacher-gs.de\/?page_id=4712"},"modified":"2024-11-25T13:55:46","modified_gmt":"2024-11-25T12:55:46","slug":"mittelalterfest-ein-markt-im-mittelalter","status":"publish","type":"page","link":"https:\/\/wittelsbacher-gs.de\/?page_id=4712","title":{"rendered":"Mittelalterfest &#8222;Ein Markt im Mittelalter&#8220;"},"content":{"rendered":"\n<p>Das  Schulfest 2024 &#8222;Ein Markt im Mittelalter&#8220; war ein voller Erfolg! Zusammen mit dem Verein &#8222;Landknechte und Marketenderinnen Augsburg e.V.&#8220; haben die Lehrkr\u00e4fte ein vielf\u00e4ltiges Programm f\u00fcr die Kinder aufgestellt.<\/p>\n\n\n\n<figure class=\"wp-block-image size-large\"><img decoding=\"async\" src=\"https:\/\/wittelsbacher-gs.de\/wp-content\/uploads\/2024\/06\/IMG_6135.heic\" alt=\"\" class=\"wp-image-4713\"\/><\/figure>\n\n\n\n<figure class=\"wp-block-gallery has-nested-images columns-default is-cropped wp-block-gallery-1 is-layout-flex wp-block-gallery-is-layout-flex\">\n<figure class=\"wp-block-image size-large\"><img loading=\"lazy\" decoding=\"async\" width=\"1024\" height=\"461\" data-id=\"4769\" src=\"https:\/\/wittelsbacher-gs.de\/wp-content\/uploads\/2024\/07\/Bader-1024x461.jpg\" alt=\"\" class=\"wp-image-4769\" srcset=\"https:\/\/wittelsbacher-gs.de\/wp-content\/uploads\/2024\/07\/Bader-1024x461.jpg 1024w, https:\/\/wittelsbacher-gs.de\/wp-content\/uploads\/2024\/07\/Bader-300x135.jpg 300w, https:\/\/wittelsbacher-gs.de\/wp-content\/uploads\/2024\/07\/Bader-768x346.jpg 768w, https:\/\/wittelsbacher-gs.de\/wp-content\/uploads\/2024\/07\/Bader-1536x692.jpg 1536w, https:\/\/wittelsbacher-gs.de\/wp-content\/uploads\/2024\/07\/Bader.jpg 1784w\" sizes=\"(max-width: 1024px) 100vw, 1024px\" \/><\/figure>\n\n\n\n<figure class=\"wp-block-image size-large\"><img loading=\"lazy\" decoding=\"async\" width=\"856\" height=\"1024\" data-id=\"4770\" src=\"https:\/\/wittelsbacher-gs.de\/wp-content\/uploads\/2024\/07\/Feuerkessel-856x1024.jpg\" alt=\"\" class=\"wp-image-4770\" srcset=\"https:\/\/wittelsbacher-gs.de\/wp-content\/uploads\/2024\/07\/Feuerkessel-856x1024.jpg 856w, https:\/\/wittelsbacher-gs.de\/wp-content\/uploads\/2024\/07\/Feuerkessel-251x300.jpg 251w, https:\/\/wittelsbacher-gs.de\/wp-content\/uploads\/2024\/07\/Feuerkessel-768x918.jpg 768w, https:\/\/wittelsbacher-gs.de\/wp-content\/uploads\/2024\/07\/Feuerkessel-1284x1536.jpg 1284w, https:\/\/wittelsbacher-gs.de\/wp-content\/uploads\/2024\/07\/Feuerkessel.jpg 1679w\" sizes=\"(max-width: 856px) 100vw, 856px\" \/><\/figure>\n\n\n\n<figure class=\"wp-block-image size-large\"><img loading=\"lazy\" decoding=\"async\" width=\"1024\" height=\"768\" data-id=\"4771\" src=\"https:\/\/wittelsbacher-gs.de\/wp-content\/uploads\/2024\/07\/Kraeuterhexen-1024x768.jpg\" alt=\"\" class=\"wp-image-4771\" srcset=\"https:\/\/wittelsbacher-gs.de\/wp-content\/uploads\/2024\/07\/Kraeuterhexen-1024x768.jpg 1024w, https:\/\/wittelsbacher-gs.de\/wp-content\/uploads\/2024\/07\/Kraeuterhexen-300x225.jpg 300w, https:\/\/wittelsbacher-gs.de\/wp-content\/uploads\/2024\/07\/Kraeuterhexen-768x576.jpg 768w, https:\/\/wittelsbacher-gs.de\/wp-content\/uploads\/2024\/07\/Kraeuterhexen-1536x1152.jpg 1536w, https:\/\/wittelsbacher-gs.de\/wp-content\/uploads\/2024\/07\/Kraeuterhexen-2048x1536.jpg 2048w\" sizes=\"(max-width: 1024px) 100vw, 1024px\" \/><\/figure>\n\n\n\n<figure class=\"wp-block-image size-large\"><img loading=\"lazy\" decoding=\"async\" width=\"1024\" height=\"584\" data-id=\"4772\" src=\"https:\/\/wittelsbacher-gs.de\/wp-content\/uploads\/2024\/07\/Papierschroepfen-1024x584.jpg\" alt=\"\" class=\"wp-image-4772\" srcset=\"https:\/\/wittelsbacher-gs.de\/wp-content\/uploads\/2024\/07\/Papierschroepfen-1024x584.jpg 1024w, https:\/\/wittelsbacher-gs.de\/wp-content\/uploads\/2024\/07\/Papierschroepfen-300x171.jpg 300w, https:\/\/wittelsbacher-gs.de\/wp-content\/uploads\/2024\/07\/Papierschroepfen-768x438.jpg 768w, https:\/\/wittelsbacher-gs.de\/wp-content\/uploads\/2024\/07\/Papierschroepfen-1536x875.jpg 1536w, https:\/\/wittelsbacher-gs.de\/wp-content\/uploads\/2024\/07\/Papierschroepfen.jpg 2048w\" sizes=\"(max-width: 1024px) 100vw, 1024px\" \/><\/figure>\n\n\n\n<figure class=\"wp-block-image size-large\"><img loading=\"lazy\" decoding=\"async\" width=\"1024\" height=\"614\" data-id=\"4773\" src=\"https:\/\/wittelsbacher-gs.de\/wp-content\/uploads\/2024\/07\/Schreibstube-1024x614.jpg\" alt=\"\" class=\"wp-image-4773\" srcset=\"https:\/\/wittelsbacher-gs.de\/wp-content\/uploads\/2024\/07\/Schreibstube-1024x614.jpg 1024w, https:\/\/wittelsbacher-gs.de\/wp-content\/uploads\/2024\/07\/Schreibstube-300x180.jpg 300w, https:\/\/wittelsbacher-gs.de\/wp-content\/uploads\/2024\/07\/Schreibstube-768x461.jpg 768w, https:\/\/wittelsbacher-gs.de\/wp-content\/uploads\/2024\/07\/Schreibstube.jpg 1280w\" sizes=\"(max-width: 1024px) 100vw, 1024px\" \/><\/figure>\n\n\n\n<figure class=\"wp-block-image size-large\"><img loading=\"lazy\" decoding=\"async\" width=\"768\" height=\"1024\" data-id=\"4775\" src=\"https:\/\/wittelsbacher-gs.de\/wp-content\/uploads\/2024\/07\/Schwerterkampf-768x1024.jpg\" alt=\"\" class=\"wp-image-4775\" srcset=\"https:\/\/wittelsbacher-gs.de\/wp-content\/uploads\/2024\/07\/Schwerterkampf-768x1024.jpg 768w, https:\/\/wittelsbacher-gs.de\/wp-content\/uploads\/2024\/07\/Schwerterkampf-225x300.jpg 225w, https:\/\/wittelsbacher-gs.de\/wp-content\/uploads\/2024\/07\/Schwerterkampf-1152x1536.jpg 1152w, https:\/\/wittelsbacher-gs.de\/wp-content\/uploads\/2024\/07\/Schwerterkampf-1536x2048.jpg 1536w, https:\/\/wittelsbacher-gs.de\/wp-content\/uploads\/2024\/07\/Schwerterkampf-scaled.jpg 1920w\" sizes=\"(max-width: 768px) 100vw, 768px\" \/><\/figure>\n\n\n\n<figure class=\"wp-block-image size-large\"><img loading=\"lazy\" decoding=\"async\" width=\"1024\" height=\"768\" data-id=\"4776\" src=\"https:\/\/wittelsbacher-gs.de\/wp-content\/uploads\/2024\/07\/Stockbrot-1024x768.jpg\" alt=\"\" class=\"wp-image-4776\" srcset=\"https:\/\/wittelsbacher-gs.de\/wp-content\/uploads\/2024\/07\/Stockbrot-1024x768.jpg 1024w, https:\/\/wittelsbacher-gs.de\/wp-content\/uploads\/2024\/07\/Stockbrot-300x225.jpg 300w, https:\/\/wittelsbacher-gs.de\/wp-content\/uploads\/2024\/07\/Stockbrot-768x576.jpg 768w, https:\/\/wittelsbacher-gs.de\/wp-content\/uploads\/2024\/07\/Stockbrot-1536x1152.jpg 1536w, https:\/\/wittelsbacher-gs.de\/wp-content\/uploads\/2024\/07\/Stockbrot-2048x1536.jpg 2048w\" sizes=\"(max-width: 1024px) 100vw, 1024px\" \/><\/figure>\n\n\n\n<figure class=\"wp-block-image size-large\"><img loading=\"lazy\" decoding=\"async\" width=\"627\" height=\"1024\" data-id=\"4777\" src=\"https:\/\/wittelsbacher-gs.de\/wp-content\/uploads\/2024\/07\/Verkaufsstaende-627x1024.jpg\" alt=\"\" class=\"wp-image-4777\" srcset=\"https:\/\/wittelsbacher-gs.de\/wp-content\/uploads\/2024\/07\/Verkaufsstaende-627x1024.jpg 627w, https:\/\/wittelsbacher-gs.de\/wp-content\/uploads\/2024\/07\/Verkaufsstaende-184x300.jpg 184w, https:\/\/wittelsbacher-gs.de\/wp-content\/uploads\/2024\/07\/Verkaufsstaende-768x1254.jpg 768w, https:\/\/wittelsbacher-gs.de\/wp-content\/uploads\/2024\/07\/Verkaufsstaende-941x1536.jpg 941w, https:\/\/wittelsbacher-gs.de\/wp-content\/uploads\/2024\/07\/Verkaufsstaende.jpg 1254w\" sizes=\"(max-width: 627px) 100vw, 627px\" \/><\/figure>\n\n\n\n<figure class=\"wp-block-image size-large\"><img loading=\"lazy\" decoding=\"async\" width=\"768\" height=\"1024\" data-id=\"4768\" src=\"https:\/\/wittelsbacher-gs.de\/wp-content\/uploads\/2024\/07\/Alte-Spiele-2-768x1024.jpg\" alt=\"\" class=\"wp-image-4768\" srcset=\"https:\/\/wittelsbacher-gs.de\/wp-content\/uploads\/2024\/07\/Alte-Spiele-2-768x1024.jpg 768w, https:\/\/wittelsbacher-gs.de\/wp-content\/uploads\/2024\/07\/Alte-Spiele-2-225x300.jpg 225w, https:\/\/wittelsbacher-gs.de\/wp-content\/uploads\/2024\/07\/Alte-Spiele-2-1152x1536.jpg 1152w, https:\/\/wittelsbacher-gs.de\/wp-content\/uploads\/2024\/07\/Alte-Spiele-2-1536x2048.jpg 1536w, https:\/\/wittelsbacher-gs.de\/wp-content\/uploads\/2024\/07\/Alte-Spiele-2-scaled.jpg 1920w\" sizes=\"(max-width: 768px) 100vw, 768px\" \/><\/figure>\n<\/figure>\n\n\n\n<p><\/p>\n","protected":false},"excerpt":{"rendered":"<p>Das Schulfest 2024 &#8222;Ein Markt im Mittelalter&#8220; war ein voller Erfolg! Zusammen mit dem Verein &#8222;Landknechte und Marketenderinnen Augsburg e.V.&#8220; haben die Lehrkr\u00e4fte ein vielf\u00e4ltiges Programm f\u00fcr<\/p>\n","protected":false},"author":4,"featured_media":4715,"parent":4641,"menu_order":0,"comment_status":"closed","ping_status":"closed","template":"","meta":{"footnotes":""},"class_list":["post-4712","page","type-page","status-publish","has-post-thumbnail","hentry","","tg-column-third"],"_links":{"self":[{"href":"https:\/\/wittelsbacher-gs.de\/index.php?rest_route=\/wp\/v2\/pages\/4712"}],"collection":[{"href":"https:\/\/wittelsbacher-gs.de\/index.php?rest_route=\/wp\/v2\/pages"}],"about":[{"href":"https:\/\/wittelsbacher-gs.de\/index.php?rest_route=\/wp\/v2\/types\/page"}],"author":[{"embeddable":true,"href":"https:\/\/wittelsbacher-gs.de\/index.php?rest_route=\/wp\/v2\/users\/4"}],"replies":[{"embeddable":true,"href":"https:\/\/wittelsbacher-gs.de\/index.php?rest_route=%2Fwp%2Fv2%2Fcomments&post=4712"}],"version-history":[{"count":6,"href":"https:\/\/wittelsbacher-gs.de\/index.php?rest_route=\/wp\/v2\/pages\/4712\/revisions"}],"predecessor-version":[{"id":4863,"href":"https:\/\/wittelsbacher-gs.de\/index.php?rest_route=\/wp\/v2\/pages\/4712\/revisions\/4863"}],"up":[{"embeddable":true,"href":"https:\/\/wittelsbacher-gs.de\/index.php?rest_route=\/wp\/v2\/pages\/4641"}],"wp:featuredmedia":[{"embeddable":true,"href":"https:\/\/wittelsbacher-gs.de\/index.php?rest_route=\/wp\/v2\/media\/4715"}],"wp:attachment":[{"href":"https:\/\/wittelsbacher-gs.de\/index.php?rest_route=%2Fwp%2Fv2%2Fmedia&parent=4712"}],"curies":[{"name":"wp","href":"https:\/\/api.w.org\/{rel}","templated":true}]}}