

{"id":4649,"date":"2024-05-10T11:49:27","date_gmt":"2024-05-10T09:49:27","guid":{"rendered":"https:\/\/wittelsbacher-gs.de\/?page_id=4649"},"modified":"2026-01-27T15:21:22","modified_gmt":"2026-01-27T14:21:22","slug":"tiere","status":"publish","type":"page","link":"https:\/\/wittelsbacher-gs.de\/?page_id=4649","title":{"rendered":"Tiere"},"content":{"rendered":"\n<p><a href=\"https:\/\/wittelsbacher-gs.de\/?page_id=4659\" data-type=\"page\" data-id=\"4659\">Unsere Schulh\u00fchner<\/a><\/p>\n\n\n\n<p><a href=\"https:\/\/wittelsbacher-gs.de\/?page_id=647\" data-type=\"page\" data-id=\"647\">Unsere Turmfalken<\/a><\/p>\n\n\n\n<p><a href=\"https:\/\/wittelsbacher-gs.de\/?page_id=4703\" data-type=\"page\" data-id=\"4703\">Wir br\u00fcten H\u00fchnereier aus<\/a><\/p>\n\n\n\n<p><a href=\"https:\/\/wittelsbacher-gs.de\/?page_id=4323\" data-type=\"page\" data-id=\"4323\">Wir z\u00fcchten Schmetterlinge<\/a><\/p>\n\n\n\n<p><\/p>\n","protected":false},"excerpt":{"rendered":"<p>Unsere Schulh\u00fchner Unsere Turmfalken Wir br\u00fcten H\u00fchnereier aus Wir z\u00fcchten Schmetterlinge<\/p>\n","protected":false},"author":4,"featured_media":0,"parent":5243,"menu_order":14,"comment_status":"closed","ping_status":"closed","template":"","meta":{"footnotes":""},"class_list":["post-4649","page","type-page","status-publish","hentry","","tg-column-third"],"_links":{"self":[{"href":"https:\/\/wittelsbacher-gs.de\/index.php?rest_route=\/wp\/v2\/pages\/4649"}],"collection":[{"href":"https:\/\/wittelsbacher-gs.de\/index.php?rest_route=\/wp\/v2\/pages"}],"about":[{"href":"https:\/\/wittelsbacher-gs.de\/index.php?rest_route=\/wp\/v2\/types\/page"}],"author":[{"embeddable":true,"href":"https:\/\/wittelsbacher-gs.de\/index.php?rest_route=\/wp\/v2\/users\/4"}],"replies":[{"embeddable":true,"href":"https:\/\/wittelsbacher-gs.de\/index.php?rest_route=%2Fwp%2Fv2%2Fcomments&post=4649"}],"version-history":[{"count":2,"href":"https:\/\/wittelsbacher-gs.de\/index.php?rest_route=\/wp\/v2\/pages\/4649\/revisions"}],"predecessor-version":[{"id":5264,"href":"https:\/\/wittelsbacher-gs.de\/index.php?rest_route=\/wp\/v2\/pages\/4649\/revisions\/5264"}],"up":[{"embeddable":true,"href":"https:\/\/wittelsbacher-gs.de\/index.php?rest_route=\/wp\/v2\/pages\/5243"}],"wp:attachment":[{"href":"https:\/\/wittelsbacher-gs.de\/index.php?rest_route=%2Fwp%2Fv2%2Fmedia&parent=4649"}],"curies":[{"name":"wp","href":"https:\/\/api.w.org\/{rel}","templated":true}]}}