

{"id":4520,"date":"2024-01-29T15:40:07","date_gmt":"2024-01-29T14:40:07","guid":{"rendered":"https:\/\/wittelsbacher-gs.de\/?page_id=4520"},"modified":"2024-05-12T21:39:06","modified_gmt":"2024-05-12T19:39:06","slug":"maerchenzelt","status":"publish","type":"page","link":"https:\/\/wittelsbacher-gs.de\/?page_id=4520","title":{"rendered":"M\u00e4rchenzelt"},"content":{"rendered":"\n<p>Am 24.01.24 und am 25.01.24 hat uns das M\u00e4rchenzelt besucht! Die Kinder lauschten spannenden und lustigen M\u00e4rchen und tranken Punsch am Lagerfeuer. Wir freuen uns auf den n\u00e4chsten Besuch des M\u00e4rchenzelts!<\/p>\n\n\n\n<figure class=\"wp-block-image size-large\"><img decoding=\"async\" src=\"https:\/\/wittelsbacher-gs.de\/wp-content\/uploads\/2024\/01\/image.jpeg\" alt=\"\" class=\"wp-image-4521\"\/><\/figure>\n\n\n\n<figure class=\"wp-block-gallery columns-3 is-cropped wp-block-gallery-1 is-layout-flex wp-block-gallery-is-layout-flex\"><ul class=\"blocks-gallery-grid\"><li class=\"blocks-gallery-item\"><figure><img loading=\"lazy\" decoding=\"async\" width=\"768\" height=\"1024\" src=\"https:\/\/wittelsbacher-gs.de\/wp-content\/uploads\/2024\/05\/WhatsApp-Image-2024-05-10-at-13.28.44-1-768x1024.jpeg\" alt=\"\" data-id=\"4673\" data-full-url=\"https:\/\/wittelsbacher-gs.de\/wp-content\/uploads\/2024\/05\/WhatsApp-Image-2024-05-10-at-13.28.44-1-scaled.jpeg\" data-link=\"https:\/\/wittelsbacher-gs.de\/?attachment_id=4673\" class=\"wp-image-4673\" srcset=\"https:\/\/wittelsbacher-gs.de\/wp-content\/uploads\/2024\/05\/WhatsApp-Image-2024-05-10-at-13.28.44-1-768x1024.jpeg 768w, https:\/\/wittelsbacher-gs.de\/wp-content\/uploads\/2024\/05\/WhatsApp-Image-2024-05-10-at-13.28.44-1-225x300.jpeg 225w, https:\/\/wittelsbacher-gs.de\/wp-content\/uploads\/2024\/05\/WhatsApp-Image-2024-05-10-at-13.28.44-1-1152x1536.jpeg 1152w, https:\/\/wittelsbacher-gs.de\/wp-content\/uploads\/2024\/05\/WhatsApp-Image-2024-05-10-at-13.28.44-1-1536x2048.jpeg 1536w, https:\/\/wittelsbacher-gs.de\/wp-content\/uploads\/2024\/05\/WhatsApp-Image-2024-05-10-at-13.28.44-1-scaled.jpeg 1920w\" sizes=\"(max-width: 768px) 100vw, 768px\" \/><\/figure><\/li><li class=\"blocks-gallery-item\"><figure><img loading=\"lazy\" decoding=\"async\" width=\"1015\" height=\"1024\" src=\"https:\/\/wittelsbacher-gs.de\/wp-content\/uploads\/2024\/05\/WhatsApp-Image-2024-05-10-at-13.28.52-2-1015x1024.jpeg\" alt=\"\" data-id=\"4674\" data-full-url=\"https:\/\/wittelsbacher-gs.de\/wp-content\/uploads\/2024\/05\/WhatsApp-Image-2024-05-10-at-13.28.52-2.jpeg\" data-link=\"https:\/\/wittelsbacher-gs.de\/?attachment_id=4674\" class=\"wp-image-4674\" srcset=\"https:\/\/wittelsbacher-gs.de\/wp-content\/uploads\/2024\/05\/WhatsApp-Image-2024-05-10-at-13.28.52-2-1015x1024.jpeg 1015w, https:\/\/wittelsbacher-gs.de\/wp-content\/uploads\/2024\/05\/WhatsApp-Image-2024-05-10-at-13.28.52-2-297x300.jpeg 297w, https:\/\/wittelsbacher-gs.de\/wp-content\/uploads\/2024\/05\/WhatsApp-Image-2024-05-10-at-13.28.52-2-150x150.jpeg 150w, https:\/\/wittelsbacher-gs.de\/wp-content\/uploads\/2024\/05\/WhatsApp-Image-2024-05-10-at-13.28.52-2-768x775.jpeg 768w, https:\/\/wittelsbacher-gs.de\/wp-content\/uploads\/2024\/05\/WhatsApp-Image-2024-05-10-at-13.28.52-2-1523x1536.jpeg 1523w, https:\/\/wittelsbacher-gs.de\/wp-content\/uploads\/2024\/05\/WhatsApp-Image-2024-05-10-at-13.28.52-2.jpeg 2030w\" sizes=\"(max-width: 1015px) 100vw, 1015px\" \/><\/figure><\/li><li class=\"blocks-gallery-item\"><figure><img loading=\"lazy\" decoding=\"async\" width=\"768\" height=\"1024\" src=\"https:\/\/wittelsbacher-gs.de\/wp-content\/uploads\/2024\/05\/WhatsApp-Image-2024-05-10-at-13.28.58-1-1-768x1024.jpeg\" alt=\"\" data-id=\"4675\" data-full-url=\"https:\/\/wittelsbacher-gs.de\/wp-content\/uploads\/2024\/05\/WhatsApp-Image-2024-05-10-at-13.28.58-1-1-scaled.jpeg\" data-link=\"https:\/\/wittelsbacher-gs.de\/?attachment_id=4675\" class=\"wp-image-4675\" srcset=\"https:\/\/wittelsbacher-gs.de\/wp-content\/uploads\/2024\/05\/WhatsApp-Image-2024-05-10-at-13.28.58-1-1-768x1024.jpeg 768w, https:\/\/wittelsbacher-gs.de\/wp-content\/uploads\/2024\/05\/WhatsApp-Image-2024-05-10-at-13.28.58-1-1-225x300.jpeg 225w, https:\/\/wittelsbacher-gs.de\/wp-content\/uploads\/2024\/05\/WhatsApp-Image-2024-05-10-at-13.28.58-1-1-1152x1536.jpeg 1152w, https:\/\/wittelsbacher-gs.de\/wp-content\/uploads\/2024\/05\/WhatsApp-Image-2024-05-10-at-13.28.58-1-1-1536x2048.jpeg 1536w, https:\/\/wittelsbacher-gs.de\/wp-content\/uploads\/2024\/05\/WhatsApp-Image-2024-05-10-at-13.28.58-1-1-scaled.jpeg 1920w\" sizes=\"(max-width: 768px) 100vw, 768px\" \/><\/figure><\/li><li class=\"blocks-gallery-item\"><figure><img loading=\"lazy\" decoding=\"async\" width=\"768\" height=\"1024\" src=\"https:\/\/wittelsbacher-gs.de\/wp-content\/uploads\/2024\/05\/WhatsApp-Image-2024-05-10-at-13.28.58-2-768x1024.jpeg\" alt=\"\" data-id=\"4676\" data-full-url=\"https:\/\/wittelsbacher-gs.de\/wp-content\/uploads\/2024\/05\/WhatsApp-Image-2024-05-10-at-13.28.58-2-scaled.jpeg\" data-link=\"https:\/\/wittelsbacher-gs.de\/?attachment_id=4676\" class=\"wp-image-4676\" srcset=\"https:\/\/wittelsbacher-gs.de\/wp-content\/uploads\/2024\/05\/WhatsApp-Image-2024-05-10-at-13.28.58-2-768x1024.jpeg 768w, https:\/\/wittelsbacher-gs.de\/wp-content\/uploads\/2024\/05\/WhatsApp-Image-2024-05-10-at-13.28.58-2-225x300.jpeg 225w, https:\/\/wittelsbacher-gs.de\/wp-content\/uploads\/2024\/05\/WhatsApp-Image-2024-05-10-at-13.28.58-2-1152x1536.jpeg 1152w, https:\/\/wittelsbacher-gs.de\/wp-content\/uploads\/2024\/05\/WhatsApp-Image-2024-05-10-at-13.28.58-2-1536x2048.jpeg 1536w, https:\/\/wittelsbacher-gs.de\/wp-content\/uploads\/2024\/05\/WhatsApp-Image-2024-05-10-at-13.28.58-2-scaled.jpeg 1920w\" sizes=\"(max-width: 768px) 100vw, 768px\" \/><\/figure><\/li><li class=\"blocks-gallery-item\"><figure><img loading=\"lazy\" decoding=\"async\" width=\"1022\" height=\"1024\" src=\"https:\/\/wittelsbacher-gs.de\/wp-content\/uploads\/2024\/05\/WhatsApp-Image-2024-05-10-at-13.29.30-1-1022x1024.jpeg\" alt=\"\" data-id=\"4677\" data-full-url=\"https:\/\/wittelsbacher-gs.de\/wp-content\/uploads\/2024\/05\/WhatsApp-Image-2024-05-10-at-13.29.30-1.jpeg\" data-link=\"https:\/\/wittelsbacher-gs.de\/?attachment_id=4677\" class=\"wp-image-4677\" srcset=\"https:\/\/wittelsbacher-gs.de\/wp-content\/uploads\/2024\/05\/WhatsApp-Image-2024-05-10-at-13.29.30-1-1022x1024.jpeg 1022w, https:\/\/wittelsbacher-gs.de\/wp-content\/uploads\/2024\/05\/WhatsApp-Image-2024-05-10-at-13.29.30-1-300x300.jpeg 300w, https:\/\/wittelsbacher-gs.de\/wp-content\/uploads\/2024\/05\/WhatsApp-Image-2024-05-10-at-13.29.30-1-150x150.jpeg 150w, https:\/\/wittelsbacher-gs.de\/wp-content\/uploads\/2024\/05\/WhatsApp-Image-2024-05-10-at-13.29.30-1-768x769.jpeg 768w, https:\/\/wittelsbacher-gs.de\/wp-content\/uploads\/2024\/05\/WhatsApp-Image-2024-05-10-at-13.29.30-1-1533x1536.jpeg 1533w, https:\/\/wittelsbacher-gs.de\/wp-content\/uploads\/2024\/05\/WhatsApp-Image-2024-05-10-at-13.29.30-1-230x230.jpeg 230w, https:\/\/wittelsbacher-gs.de\/wp-content\/uploads\/2024\/05\/WhatsApp-Image-2024-05-10-at-13.29.30-1-365x365.jpeg 365w, https:\/\/wittelsbacher-gs.de\/wp-content\/uploads\/2024\/05\/WhatsApp-Image-2024-05-10-at-13.29.30-1.jpeg 1597w\" sizes=\"(max-width: 1022px) 100vw, 1022px\" \/><\/figure><\/li><\/ul><\/figure>\n","protected":false},"excerpt":{"rendered":"<p>Am 24.01.24 und am 25.01.24 hat uns das M\u00e4rchenzelt besucht! Die Kinder lauschten spannenden und lustigen M\u00e4rchen und tranken Punsch am Lagerfeuer. Wir freuen uns auf den<\/p>\n","protected":false},"author":4,"featured_media":0,"parent":4653,"menu_order":2,"comment_status":"closed","ping_status":"closed","template":"","meta":{"footnotes":""},"class_list":["post-4520","page","type-page","status-publish","hentry","","tg-column-third"],"_links":{"self":[{"href":"https:\/\/wittelsbacher-gs.de\/index.php?rest_route=\/wp\/v2\/pages\/4520"}],"collection":[{"href":"https:\/\/wittelsbacher-gs.de\/index.php?rest_route=\/wp\/v2\/pages"}],"about":[{"href":"https:\/\/wittelsbacher-gs.de\/index.php?rest_route=\/wp\/v2\/types\/page"}],"author":[{"embeddable":true,"href":"https:\/\/wittelsbacher-gs.de\/index.php?rest_route=\/wp\/v2\/users\/4"}],"replies":[{"embeddable":true,"href":"https:\/\/wittelsbacher-gs.de\/index.php?rest_route=%2Fwp%2Fv2%2Fcomments&post=4520"}],"version-history":[{"count":3,"href":"https:\/\/wittelsbacher-gs.de\/index.php?rest_route=\/wp\/v2\/pages\/4520\/revisions"}],"predecessor-version":[{"id":4678,"href":"https:\/\/wittelsbacher-gs.de\/index.php?rest_route=\/wp\/v2\/pages\/4520\/revisions\/4678"}],"up":[{"embeddable":true,"href":"https:\/\/wittelsbacher-gs.de\/index.php?rest_route=\/wp\/v2\/pages\/4653"}],"wp:attachment":[{"href":"https:\/\/wittelsbacher-gs.de\/index.php?rest_route=%2Fwp%2Fv2%2Fmedia&parent=4520"}],"curies":[{"name":"wp","href":"https:\/\/api.w.org\/{rel}","templated":true}]}}