

{"id":4491,"date":"2024-01-15T15:48:14","date_gmt":"2024-01-15T14:48:14","guid":{"rendered":"https:\/\/wittelsbacher-gs.de\/?page_id=4491"},"modified":"2024-05-10T11:43:20","modified_gmt":"2024-05-10T09:43:20","slug":"weihnachtsmarkt","status":"publish","type":"page","link":"https:\/\/wittelsbacher-gs.de\/?page_id=4491","title":{"rendered":"Weihnachtsmarkt"},"content":{"rendered":"\n<p>Dank der flammenden Rede unseres Sch\u00fclerrats im vergangenen Jahr, hat es Frau Oberb\u00fcrgermeisterin Eva Weber erm\u00f6glicht, dass alle Augsburger Grundschulen einen Stand an einem Tag auf dem echten Weihnachtsmarkt haben.&nbsp;<\/p>\n\n\n\n<p>Unser Sch\u00fclerrat verkaufte mit viel Engagement selbstgemachtes Quittengelee, Erdbeermarmelade, Schoko\u00e4pfel, selbstgef\u00e4rbte Kerzen und vieles mehr!<\/p>\n\n\n\n<figure class=\"wp-block-image size-large\"><img loading=\"lazy\" decoding=\"async\" width=\"1024\" height=\"779\" src=\"https:\/\/wittelsbacher-gs.de\/wp-content\/uploads\/2024\/01\/Weihnachtsmarkt-1024x779.jpg\" alt=\"\" class=\"wp-image-4492\" srcset=\"https:\/\/wittelsbacher-gs.de\/wp-content\/uploads\/2024\/01\/Weihnachtsmarkt-1024x779.jpg 1024w, https:\/\/wittelsbacher-gs.de\/wp-content\/uploads\/2024\/01\/Weihnachtsmarkt-300x228.jpg 300w, https:\/\/wittelsbacher-gs.de\/wp-content\/uploads\/2024\/01\/Weihnachtsmarkt-768x584.jpg 768w, https:\/\/wittelsbacher-gs.de\/wp-content\/uploads\/2024\/01\/Weihnachtsmarkt.jpg 1390w\" sizes=\"(max-width: 1024px) 100vw, 1024px\" \/><\/figure>\n","protected":false},"excerpt":{"rendered":"<p>Dank der flammenden Rede unseres Sch\u00fclerrats im vergangenen Jahr, hat es Frau Oberb\u00fcrgermeisterin Eva Weber erm\u00f6glicht, dass alle Augsburger Grundschulen einen Stand an einem Tag auf dem<\/p>\n","protected":false},"author":4,"featured_media":0,"parent":4641,"menu_order":2,"comment_status":"closed","ping_status":"closed","template":"","meta":{"footnotes":""},"class_list":["post-4491","page","type-page","status-publish","hentry","","tg-column-third"],"_links":{"self":[{"href":"https:\/\/wittelsbacher-gs.de\/index.php?rest_route=\/wp\/v2\/pages\/4491"}],"collection":[{"href":"https:\/\/wittelsbacher-gs.de\/index.php?rest_route=\/wp\/v2\/pages"}],"about":[{"href":"https:\/\/wittelsbacher-gs.de\/index.php?rest_route=\/wp\/v2\/types\/page"}],"author":[{"embeddable":true,"href":"https:\/\/wittelsbacher-gs.de\/index.php?rest_route=\/wp\/v2\/users\/4"}],"replies":[{"embeddable":true,"href":"https:\/\/wittelsbacher-gs.de\/index.php?rest_route=%2Fwp%2Fv2%2Fcomments&post=4491"}],"version-history":[{"count":1,"href":"https:\/\/wittelsbacher-gs.de\/index.php?rest_route=\/wp\/v2\/pages\/4491\/revisions"}],"predecessor-version":[{"id":4493,"href":"https:\/\/wittelsbacher-gs.de\/index.php?rest_route=\/wp\/v2\/pages\/4491\/revisions\/4493"}],"up":[{"embeddable":true,"href":"https:\/\/wittelsbacher-gs.de\/index.php?rest_route=\/wp\/v2\/pages\/4641"}],"wp:attachment":[{"href":"https:\/\/wittelsbacher-gs.de\/index.php?rest_route=%2Fwp%2Fv2%2Fmedia&parent=4491"}],"curies":[{"name":"wp","href":"https:\/\/api.w.org\/{rel}","templated":true}]}}