

{"id":4488,"date":"2024-01-15T15:47:19","date_gmt":"2024-01-15T14:47:19","guid":{"rendered":"https:\/\/wittelsbacher-gs.de\/?page_id=4488"},"modified":"2024-05-10T11:42:47","modified_gmt":"2024-05-10T09:42:47","slug":"sternenmarkt","status":"publish","type":"page","link":"https:\/\/wittelsbacher-gs.de\/?page_id=4488","title":{"rendered":"Sternenmarkt"},"content":{"rendered":"\n<p>Auch dieses Jahr blicken wir auf einen wundervollen Sternemarkt zur\u00fcck. Es gab selbst gebackene Pl\u00e4tzchen, frisch gekochte Erdbeermarmelade, Adventskr\u00e4nze, gebrannte Mandeln, frisch gebackene Waffeln, Schoko\u00e4pfel, Punsch, Gl\u00fchwein und vieles mehr!&nbsp;<\/p>\n\n\n\n<p>Wir bedanken uns sehr herzlich beim Elternbeirat, der f\u00fcr Sie gegrillt hat, bei allen \u201ehelfenden\u201c H\u00e4nden und f\u00fcr Ihren Besuch!<\/p>\n\n\n\n<figure class=\"wp-block-image size-large\"><img loading=\"lazy\" decoding=\"async\" width=\"520\" height=\"370\" src=\"https:\/\/wittelsbacher-gs.de\/wp-content\/uploads\/2024\/01\/Sternenmarkt-Le-gris.png\" alt=\"\" class=\"wp-image-4486\" srcset=\"https:\/\/wittelsbacher-gs.de\/wp-content\/uploads\/2024\/01\/Sternenmarkt-Le-gris.png 520w, https:\/\/wittelsbacher-gs.de\/wp-content\/uploads\/2024\/01\/Sternenmarkt-Le-gris-300x213.png 300w\" sizes=\"(max-width: 520px) 100vw, 520px\" \/><\/figure>\n\n\n\n<figure class=\"wp-block-image size-large\"><img loading=\"lazy\" decoding=\"async\" width=\"1024\" height=\"497\" src=\"https:\/\/wittelsbacher-gs.de\/wp-content\/uploads\/2024\/01\/Sternenmarkt-1-1024x497.jpg\" alt=\"\" class=\"wp-image-4489\" srcset=\"https:\/\/wittelsbacher-gs.de\/wp-content\/uploads\/2024\/01\/Sternenmarkt-1-1024x497.jpg 1024w, https:\/\/wittelsbacher-gs.de\/wp-content\/uploads\/2024\/01\/Sternenmarkt-1-300x146.jpg 300w, https:\/\/wittelsbacher-gs.de\/wp-content\/uploads\/2024\/01\/Sternenmarkt-1-768x373.jpg 768w, https:\/\/wittelsbacher-gs.de\/wp-content\/uploads\/2024\/01\/Sternenmarkt-1.jpg 1390w\" sizes=\"(max-width: 1024px) 100vw, 1024px\" \/><\/figure>\n","protected":false},"excerpt":{"rendered":"<p>Auch dieses Jahr blicken wir auf einen wundervollen Sternemarkt zur\u00fcck. Es gab selbst gebackene Pl\u00e4tzchen, frisch gekochte Erdbeermarmelade, Adventskr\u00e4nze, gebrannte Mandeln, frisch gebackene Waffeln, Schoko\u00e4pfel, Punsch, Gl\u00fchwein<\/p>\n","protected":false},"author":4,"featured_media":0,"parent":4641,"menu_order":1,"comment_status":"closed","ping_status":"closed","template":"","meta":{"footnotes":""},"class_list":["post-4488","page","type-page","status-publish","hentry","","tg-column-third"],"_links":{"self":[{"href":"https:\/\/wittelsbacher-gs.de\/index.php?rest_route=\/wp\/v2\/pages\/4488"}],"collection":[{"href":"https:\/\/wittelsbacher-gs.de\/index.php?rest_route=\/wp\/v2\/pages"}],"about":[{"href":"https:\/\/wittelsbacher-gs.de\/index.php?rest_route=\/wp\/v2\/types\/page"}],"author":[{"embeddable":true,"href":"https:\/\/wittelsbacher-gs.de\/index.php?rest_route=\/wp\/v2\/users\/4"}],"replies":[{"embeddable":true,"href":"https:\/\/wittelsbacher-gs.de\/index.php?rest_route=%2Fwp%2Fv2%2Fcomments&post=4488"}],"version-history":[{"count":1,"href":"https:\/\/wittelsbacher-gs.de\/index.php?rest_route=\/wp\/v2\/pages\/4488\/revisions"}],"predecessor-version":[{"id":4490,"href":"https:\/\/wittelsbacher-gs.de\/index.php?rest_route=\/wp\/v2\/pages\/4488\/revisions\/4490"}],"up":[{"embeddable":true,"href":"https:\/\/wittelsbacher-gs.de\/index.php?rest_route=\/wp\/v2\/pages\/4641"}],"wp:attachment":[{"href":"https:\/\/wittelsbacher-gs.de\/index.php?rest_route=%2Fwp%2Fv2%2Fmedia&parent=4488"}],"curies":[{"name":"wp","href":"https:\/\/api.w.org\/{rel}","templated":true}]}}