

{"id":4278,"date":"2023-06-19T22:22:37","date_gmt":"2023-06-19T20:22:37","guid":{"rendered":"https:\/\/wittelsbacher-gs.de\/?page_id=4278"},"modified":"2024-05-10T11:46:10","modified_gmt":"2024-05-10T09:46:10","slug":"mathematik-wettbewerb","status":"publish","type":"page","link":"https:\/\/wittelsbacher-gs.de\/?page_id=4278","title":{"rendered":"Mathematik-Wettbewerb"},"content":{"rendered":"\n<p>Ein Kind in der 3. Klasse schreibt in einer Schulwoche mehr als 1000 W\u00f6rter. <\/p>\n\n\n\n<p>Kann das stimmen?<\/p>\n\n\n\n<p>Bereits am 23.05.2023 trat unser Schulsiegerteam des schw\u00e4bischen Team- Mathematikwettbewerbs gegen andere Teams aus Augsburg an. An der Drei- Auen- Grundschule stellten Matilda (3c), Levi (3b) und Sebastian (3e) bei dieser Aufgabe ihre Knobelf\u00e4higkeit unter Beweis und pr\u00e4sentierten als Team eine tolles L\u00f6sungsplakat vor der Jury.&nbsp;<\/p>\n\n\n\n<p>Unser Team machte den 1.Platz!<\/p>\n\n\n\n<p>Im Juli tritt die Gruppe gegen andere Landkreissieger aus Schwaben in Augsburg an.<\/p>\n\n\n\n<p>Wir sind stolz auf unser Gewinnerteam und gratulieren Matilda, Levi und Sebastian!<\/p>\n\n\n\n<figure class=\"wp-block-gallery columns-2 is-cropped wp-block-gallery-1 is-layout-flex wp-block-gallery-is-layout-flex\"><ul class=\"blocks-gallery-grid\"><li class=\"blocks-gallery-item\"><figure><img loading=\"lazy\" decoding=\"async\" width=\"768\" height=\"1024\" src=\"https:\/\/wittelsbacher-gs.de\/wp-content\/uploads\/2023\/06\/IMG_20230613_103417-768x1024.jpg\" alt=\"\" data-id=\"4279\" data-link=\"https:\/\/wittelsbacher-gs.de\/?attachment_id=4279\" class=\"wp-image-4279\" srcset=\"https:\/\/wittelsbacher-gs.de\/wp-content\/uploads\/2023\/06\/IMG_20230613_103417-768x1024.jpg 768w, https:\/\/wittelsbacher-gs.de\/wp-content\/uploads\/2023\/06\/IMG_20230613_103417-225x300.jpg 225w, https:\/\/wittelsbacher-gs.de\/wp-content\/uploads\/2023\/06\/IMG_20230613_103417-1152x1536.jpg 1152w, https:\/\/wittelsbacher-gs.de\/wp-content\/uploads\/2023\/06\/IMG_20230613_103417-1536x2048.jpg 1536w, https:\/\/wittelsbacher-gs.de\/wp-content\/uploads\/2023\/06\/IMG_20230613_103417-scaled.jpg 1920w\" sizes=\"(max-width: 768px) 100vw, 768px\" \/><\/figure><\/li><li class=\"blocks-gallery-item\"><figure><img loading=\"lazy\" decoding=\"async\" width=\"1024\" height=\"768\" src=\"https:\/\/wittelsbacher-gs.de\/wp-content\/uploads\/2023\/06\/IMG_20230613_102650-1024x768.jpg\" alt=\"\" data-id=\"4280\" data-full-url=\"https:\/\/wittelsbacher-gs.de\/wp-content\/uploads\/2023\/06\/IMG_20230613_102650-scaled.jpg\" data-link=\"https:\/\/wittelsbacher-gs.de\/?attachment_id=4280\" class=\"wp-image-4280\" srcset=\"https:\/\/wittelsbacher-gs.de\/wp-content\/uploads\/2023\/06\/IMG_20230613_102650-1024x768.jpg 1024w, https:\/\/wittelsbacher-gs.de\/wp-content\/uploads\/2023\/06\/IMG_20230613_102650-300x225.jpg 300w, https:\/\/wittelsbacher-gs.de\/wp-content\/uploads\/2023\/06\/IMG_20230613_102650-768x576.jpg 768w, https:\/\/wittelsbacher-gs.de\/wp-content\/uploads\/2023\/06\/IMG_20230613_102650-1536x1152.jpg 1536w, https:\/\/wittelsbacher-gs.de\/wp-content\/uploads\/2023\/06\/IMG_20230613_102650-2048x1536.jpg 2048w\" sizes=\"(max-width: 1024px) 100vw, 1024px\" \/><\/figure><\/li><\/ul><\/figure>\n","protected":false},"excerpt":{"rendered":"<p>Ein Kind in der 3. Klasse schreibt in einer Schulwoche mehr als 1000 W\u00f6rter. Kann das stimmen? Bereits am 23.05.2023 trat unser Schulsiegerteam des schw\u00e4bischen Team- Mathematikwettbewerbs<\/p>\n","protected":false},"author":4,"featured_media":2305,"parent":4643,"menu_order":1,"comment_status":"closed","ping_status":"closed","template":"","meta":{"footnotes":""},"class_list":["post-4278","page","type-page","status-publish","has-post-thumbnail","hentry","","tg-column-third"],"_links":{"self":[{"href":"https:\/\/wittelsbacher-gs.de\/index.php?rest_route=\/wp\/v2\/pages\/4278"}],"collection":[{"href":"https:\/\/wittelsbacher-gs.de\/index.php?rest_route=\/wp\/v2\/pages"}],"about":[{"href":"https:\/\/wittelsbacher-gs.de\/index.php?rest_route=\/wp\/v2\/types\/page"}],"author":[{"embeddable":true,"href":"https:\/\/wittelsbacher-gs.de\/index.php?rest_route=\/wp\/v2\/users\/4"}],"replies":[{"embeddable":true,"href":"https:\/\/wittelsbacher-gs.de\/index.php?rest_route=%2Fwp%2Fv2%2Fcomments&post=4278"}],"version-history":[{"count":1,"href":"https:\/\/wittelsbacher-gs.de\/index.php?rest_route=\/wp\/v2\/pages\/4278\/revisions"}],"predecessor-version":[{"id":4281,"href":"https:\/\/wittelsbacher-gs.de\/index.php?rest_route=\/wp\/v2\/pages\/4278\/revisions\/4281"}],"up":[{"embeddable":true,"href":"https:\/\/wittelsbacher-gs.de\/index.php?rest_route=\/wp\/v2\/pages\/4643"}],"wp:featuredmedia":[{"embeddable":true,"href":"https:\/\/wittelsbacher-gs.de\/index.php?rest_route=\/wp\/v2\/media\/2305"}],"wp:attachment":[{"href":"https:\/\/wittelsbacher-gs.de\/index.php?rest_route=%2Fwp%2Fv2%2Fmedia&parent=4278"}],"curies":[{"name":"wp","href":"https:\/\/api.w.org\/{rel}","templated":true}]}}