

{"id":4223,"date":"2023-05-02T15:45:05","date_gmt":"2023-05-02T13:45:05","guid":{"rendered":"https:\/\/wittelsbacher-gs.de\/?page_id=4223"},"modified":"2024-05-10T11:43:51","modified_gmt":"2024-05-10T09:43:51","slug":"spendenflohmarkt-der-klasse-1a","status":"publish","type":"page","link":"https:\/\/wittelsbacher-gs.de\/?page_id=4223","title":{"rendered":"Spendenflohmarkt der Klasse 1a"},"content":{"rendered":"\n<p><strong><em>Liebe Sch\u00fclerInnen und Eltern der Wittelsbacher Grundschule,<\/em><\/strong><\/p>\n\n\n\n<p><strong><em>am 24.03.2023 organisierten die Eltern der Klasse 1a im Pausenhof der Wittelsbacher Grundschule erfolgreich einen Spendenflohmarkt mit Sachspenden der Kinder. Wir m\u00f6chten uns&nbsp;bei allen Sch\u00fclerinnen und Sch\u00fclern, Eltern und Gro\u00dfeltern sowie Freunden&nbsp;f\u00fcr den grandiosen Spendenbetrag in H\u00f6he von 1252 EUR ganz herzlich bedanken.<\/em><\/strong><\/p>\n\n\n\n<p><strong><em>Das Geld wird im Namen der Wittelsbacher Grundschule zu gleichen Teilen an die beiden Organisationen &#8222;Time to Help e.V.&#8220; und&nbsp;&nbsp;&#8222;\u00c4rzte der Welt&#8220; zugunsten der Erdbebenopfer in der T\u00fcrkei und Syrien gespendet. Das Ausma\u00df der Zerst\u00f6rung ist so gro\u00df, dass die Menschen dort noch immer auf viel Unterst\u00fctzung von&nbsp;au\u00dfen angewiesen sind. Wir sind daher dankbar, dass wir hierzu gemeinsam einen kleinen Beitrag leisten&nbsp;k\u00f6nnen!<\/em><\/strong><\/p>\n\n\n\n<p><strong><em>Wir waren alle sehr ger\u00fchrt \u00fcber die vielen und sch\u00f6nen Sachspenden der Kinder, sowie den zahlreichen Andrang am Tag des Flohmarkts&nbsp;trotz etwas widriger Wetterverh\u00e4ltnisse. An Frau Samjadar und Herrn Rosenberger auch ein gro\u00dfes Dankesch\u00f6n f\u00fcr die tolle&nbsp;Unterst\u00fctzung bei dem Projekt vorab und am Tag selbst.<\/em><\/strong><\/p>\n\n\n\n<p><strong><em>Allen Beteiligten&nbsp;nochmals vielen vielen Dank f\u00fcr die Mithilfe!<\/em><\/strong><\/p>\n\n\n\n<p><strong><em>Die Eltern der Klasse 1a<\/em><\/strong><\/p>\n\n\n\n<p><\/p>\n\n\n\n<p><\/p>\n\n\n\n<p>Wollen Sie auch Unterst\u00fctzen und Geld spenden? Dann finden Sie hier die Bankdaten:<\/p>\n\n\n\n<p class=\"has-small-font-size\"><strong>Time to help e.V.<\/strong><\/p>\n\n\n\n<p class=\"has-small-font-size\"><a href=\"https:\/\/timetohelp.eu\/cause\/erdbeben-tuerkei\/\">https:\/\/timetohelp.eu\/cause\/erdbeben-tuerkei\/<\/a><\/p>\n\n\n\n<p class=\"has-small-font-size\"><strong>IBAN&nbsp;<\/strong>DE80 3702 0500 0008 6379 00<\/p>\n\n\n\n<p class=\"has-small-font-size\"><strong>BIC&nbsp;<\/strong>BFSWDE33MNZ<\/p>\n\n\n\n<p><\/p>\n\n\n\n<p><strong>\u00c4rzte der Welt:<\/strong><\/p>\n\n\n\n<p><a href=\"https:\/\/www.aerztederwelt.org\/unsere-projekte\/europa\/erdbeben-syrientuerkei\">https:\/\/www.aerztederwelt.org\/unsere-projekte\/europa\/erdbeben-syrientuerkei<\/a><\/p>\n\n\n\n<p><strong>IBAN:<\/strong>&nbsp;DE06 1203 0000 1004 3336 60<br><strong>BIC:<\/strong>&nbsp;BYLADEM1001<br>Deutsche Kreditbank<\/p>\n\n\n\n<figure class=\"wp-block-gallery columns-3 is-cropped wp-block-gallery-1 is-layout-flex wp-block-gallery-is-layout-flex\"><ul class=\"blocks-gallery-grid\"><li class=\"blocks-gallery-item\"><figure><img loading=\"lazy\" decoding=\"async\" width=\"768\" height=\"1024\" src=\"https:\/\/wittelsbacher-gs.de\/wp-content\/uploads\/2023\/05\/WhatsApp-Image-2023-04-29-at-00.38.15-1-768x1024.jpeg\" alt=\"\" data-id=\"4224\" data-full-url=\"https:\/\/wittelsbacher-gs.de\/wp-content\/uploads\/2023\/05\/WhatsApp-Image-2023-04-29-at-00.38.15-1.jpeg\" data-link=\"https:\/\/wittelsbacher-gs.de\/?attachment_id=4224\" class=\"wp-image-4224\" srcset=\"https:\/\/wittelsbacher-gs.de\/wp-content\/uploads\/2023\/05\/WhatsApp-Image-2023-04-29-at-00.38.15-1-768x1024.jpeg 768w, https:\/\/wittelsbacher-gs.de\/wp-content\/uploads\/2023\/05\/WhatsApp-Image-2023-04-29-at-00.38.15-1-225x300.jpeg 225w, https:\/\/wittelsbacher-gs.de\/wp-content\/uploads\/2023\/05\/WhatsApp-Image-2023-04-29-at-00.38.15-1-1152x1536.jpeg 1152w, https:\/\/wittelsbacher-gs.de\/wp-content\/uploads\/2023\/05\/WhatsApp-Image-2023-04-29-at-00.38.15-1.jpeg 1536w\" sizes=\"(max-width: 768px) 100vw, 768px\" \/><\/figure><\/li><li class=\"blocks-gallery-item\"><figure><img loading=\"lazy\" decoding=\"async\" width=\"768\" height=\"1024\" src=\"https:\/\/wittelsbacher-gs.de\/wp-content\/uploads\/2023\/05\/WhatsApp-Image-2023-04-29-at-00.38.15-2-768x1024.jpeg\" alt=\"\" data-id=\"4225\" data-full-url=\"https:\/\/wittelsbacher-gs.de\/wp-content\/uploads\/2023\/05\/WhatsApp-Image-2023-04-29-at-00.38.15-2.jpeg\" data-link=\"https:\/\/wittelsbacher-gs.de\/?attachment_id=4225\" class=\"wp-image-4225\" srcset=\"https:\/\/wittelsbacher-gs.de\/wp-content\/uploads\/2023\/05\/WhatsApp-Image-2023-04-29-at-00.38.15-2-768x1024.jpeg 768w, https:\/\/wittelsbacher-gs.de\/wp-content\/uploads\/2023\/05\/WhatsApp-Image-2023-04-29-at-00.38.15-2-225x300.jpeg 225w, https:\/\/wittelsbacher-gs.de\/wp-content\/uploads\/2023\/05\/WhatsApp-Image-2023-04-29-at-00.38.15-2-1152x1536.jpeg 1152w, https:\/\/wittelsbacher-gs.de\/wp-content\/uploads\/2023\/05\/WhatsApp-Image-2023-04-29-at-00.38.15-2.jpeg 1536w\" sizes=\"(max-width: 768px) 100vw, 768px\" \/><\/figure><\/li><li class=\"blocks-gallery-item\"><figure><img loading=\"lazy\" decoding=\"async\" width=\"768\" height=\"1024\" src=\"https:\/\/wittelsbacher-gs.de\/wp-content\/uploads\/2023\/05\/WhatsApp-Image-2023-04-29-at-00.38.15-768x1024.jpeg\" alt=\"\" data-id=\"4226\" data-full-url=\"https:\/\/wittelsbacher-gs.de\/wp-content\/uploads\/2023\/05\/WhatsApp-Image-2023-04-29-at-00.38.15.jpeg\" data-link=\"https:\/\/wittelsbacher-gs.de\/?attachment_id=4226\" class=\"wp-image-4226\" srcset=\"https:\/\/wittelsbacher-gs.de\/wp-content\/uploads\/2023\/05\/WhatsApp-Image-2023-04-29-at-00.38.15-768x1024.jpeg 768w, https:\/\/wittelsbacher-gs.de\/wp-content\/uploads\/2023\/05\/WhatsApp-Image-2023-04-29-at-00.38.15-225x300.jpeg 225w, https:\/\/wittelsbacher-gs.de\/wp-content\/uploads\/2023\/05\/WhatsApp-Image-2023-04-29-at-00.38.15-1152x1536.jpeg 1152w, https:\/\/wittelsbacher-gs.de\/wp-content\/uploads\/2023\/05\/WhatsApp-Image-2023-04-29-at-00.38.15.jpeg 1536w\" sizes=\"(max-width: 768px) 100vw, 768px\" \/><\/figure><\/li><\/ul><\/figure>\n","protected":false},"excerpt":{"rendered":"<p>Liebe Sch\u00fclerInnen und Eltern der Wittelsbacher Grundschule, am 24.03.2023 organisierten die Eltern der Klasse 1a im Pausenhof der Wittelsbacher Grundschule erfolgreich einen Spendenflohmarkt mit Sachspenden der Kinder.<\/p>\n","protected":false},"author":4,"featured_media":4227,"parent":4641,"menu_order":3,"comment_status":"closed","ping_status":"closed","template":"","meta":{"footnotes":""},"class_list":["post-4223","page","type-page","status-publish","has-post-thumbnail","hentry","","tg-column-third"],"_links":{"self":[{"href":"https:\/\/wittelsbacher-gs.de\/index.php?rest_route=\/wp\/v2\/pages\/4223"}],"collection":[{"href":"https:\/\/wittelsbacher-gs.de\/index.php?rest_route=\/wp\/v2\/pages"}],"about":[{"href":"https:\/\/wittelsbacher-gs.de\/index.php?rest_route=\/wp\/v2\/types\/page"}],"author":[{"embeddable":true,"href":"https:\/\/wittelsbacher-gs.de\/index.php?rest_route=\/wp\/v2\/users\/4"}],"replies":[{"embeddable":true,"href":"https:\/\/wittelsbacher-gs.de\/index.php?rest_route=%2Fwp%2Fv2%2Fcomments&post=4223"}],"version-history":[{"count":2,"href":"https:\/\/wittelsbacher-gs.de\/index.php?rest_route=\/wp\/v2\/pages\/4223\/revisions"}],"predecessor-version":[{"id":4334,"href":"https:\/\/wittelsbacher-gs.de\/index.php?rest_route=\/wp\/v2\/pages\/4223\/revisions\/4334"}],"up":[{"embeddable":true,"href":"https:\/\/wittelsbacher-gs.de\/index.php?rest_route=\/wp\/v2\/pages\/4641"}],"wp:featuredmedia":[{"embeddable":true,"href":"https:\/\/wittelsbacher-gs.de\/index.php?rest_route=\/wp\/v2\/media\/4227"}],"wp:attachment":[{"href":"https:\/\/wittelsbacher-gs.de\/index.php?rest_route=%2Fwp%2Fv2%2Fmedia&parent=4223"}],"curies":[{"name":"wp","href":"https:\/\/api.w.org\/{rel}","templated":true}]}}