

{"id":3844,"date":"2022-05-05T12:57:33","date_gmt":"2022-05-05T10:57:33","guid":{"rendered":"https:\/\/wittelsbacher-gs.de\/?page_id=3844"},"modified":"2026-03-25T08:58:57","modified_gmt":"2026-03-25T07:58:57","slug":"ein-blick-in-den-nistkasten","status":"publish","type":"page","link":"https:\/\/wittelsbacher-gs.de\/?page_id=3844","title":{"rendered":"Ein Blick in den Nistkasten"},"content":{"rendered":"\n<p>Unsere Turmfalken Tom und Tina sind wieder da! <\/p>\n\n\n\n<p>Hier an der Schule haben wir zwei Turmfalken. Sie hei\u00dfen Tina und Tom und haben auch schon zweimal K\u00fcken bekommen. Das waren ganz sch\u00f6n viele. Sie k\u00f6nnen n\u00e4mlich ungef\u00e4hr 5-7 Junge bekommen. Auf einer Kamera im Turmfalkennest kann man sich die Turmfalken genauer ansehen. Doch manchmal sieht man sie auch fliegen. Turmfalken sind Greifv\u00f6gel. Sie st\u00fcrzen sich auf ihre Beute und packen zu. Ihr Lieblingsessen sind S\u00e4ugetiere wie z.B. M\u00e4use und kleine V\u00f6gel, aber auch Reptilien. Manchmal habe ich sie auch schon fliegen gesehen. Ab M\u00e4rz kann man sie auch in diesem Jahr wieder auf unserer Internetseite beobachten. (Ava 4d)<\/p>\n\n\n\n<p>Um zu beobachten, was im Nistkasten gerade so passiert, klicke einfach <a href=\"https:\/\/start.video-stream-hosting.de\/player_videojs.html?p=YSSJMzUdPqB5\">hier.<\/a><\/p>\n\n\n\n<figure class=\"wp-block-gallery has-nested-images columns-default is-cropped wp-block-gallery-1 is-layout-flex wp-block-gallery-is-layout-flex\">\n<figure class=\"wp-block-image size-large\"><a href=\"https:\/\/wittelsbacher-gs.de\/wp-content\/uploads\/2026\/02\/Bildschirmfoto-2026-02-25-um-14.25.33.png\"><img loading=\"lazy\" decoding=\"async\" width=\"1024\" height=\"574\" data-id=\"5318\" src=\"https:\/\/wittelsbacher-gs.de\/wp-content\/uploads\/2026\/02\/Bildschirmfoto-2026-02-25-um-14.25.33-1024x574.png\" alt=\"\" class=\"wp-image-5318\" srcset=\"https:\/\/wittelsbacher-gs.de\/wp-content\/uploads\/2026\/02\/Bildschirmfoto-2026-02-25-um-14.25.33-1024x574.png 1024w, https:\/\/wittelsbacher-gs.de\/wp-content\/uploads\/2026\/02\/Bildschirmfoto-2026-02-25-um-14.25.33-300x168.png 300w, https:\/\/wittelsbacher-gs.de\/wp-content\/uploads\/2026\/02\/Bildschirmfoto-2026-02-25-um-14.25.33-768x430.png 768w, https:\/\/wittelsbacher-gs.de\/wp-content\/uploads\/2026\/02\/Bildschirmfoto-2026-02-25-um-14.25.33-1536x861.png 1536w, https:\/\/wittelsbacher-gs.de\/wp-content\/uploads\/2026\/02\/Bildschirmfoto-2026-02-25-um-14.25.33-2048x1148.png 2048w\" sizes=\"(max-width: 1024px) 100vw, 1024px\" \/><\/a><figcaption class=\"wp-element-caption\">25. Februar<\/figcaption><\/figure>\n\n\n\n<figure class=\"wp-block-image size-large\"><a href=\"https:\/\/wittelsbacher-gs.de\/wp-content\/uploads\/2026\/03\/IMG_0101.jpeg\"><img loading=\"lazy\" decoding=\"async\" width=\"1024\" height=\"577\" data-id=\"5324\" src=\"https:\/\/wittelsbacher-gs.de\/wp-content\/uploads\/2026\/03\/IMG_0101-1024x577.jpeg\" alt=\"\" class=\"wp-image-5324\" srcset=\"https:\/\/wittelsbacher-gs.de\/wp-content\/uploads\/2026\/03\/IMG_0101-1024x577.jpeg 1024w, https:\/\/wittelsbacher-gs.de\/wp-content\/uploads\/2026\/03\/IMG_0101-300x169.jpeg 300w, https:\/\/wittelsbacher-gs.de\/wp-content\/uploads\/2026\/03\/IMG_0101-768x433.jpeg 768w, https:\/\/wittelsbacher-gs.de\/wp-content\/uploads\/2026\/03\/IMG_0101-1536x866.jpeg 1536w, https:\/\/wittelsbacher-gs.de\/wp-content\/uploads\/2026\/03\/IMG_0101-2048x1155.jpeg 2048w\" sizes=\"(max-width: 1024px) 100vw, 1024px\" \/><\/a><figcaption class=\"wp-element-caption\">2. M\u00e4rz<\/figcaption><\/figure>\n\n\n\n<figure class=\"wp-block-image size-large\"><a href=\"https:\/\/wittelsbacher-gs.de\/wp-content\/uploads\/2026\/03\/IMG_0106.jpeg\"><img loading=\"lazy\" decoding=\"async\" width=\"1024\" height=\"666\" data-id=\"5345\" src=\"https:\/\/wittelsbacher-gs.de\/wp-content\/uploads\/2026\/03\/IMG_0106-1024x666.jpeg\" alt=\"\" class=\"wp-image-5345\" srcset=\"https:\/\/wittelsbacher-gs.de\/wp-content\/uploads\/2026\/03\/IMG_0106-1024x666.jpeg 1024w, https:\/\/wittelsbacher-gs.de\/wp-content\/uploads\/2026\/03\/IMG_0106-300x195.jpeg 300w, https:\/\/wittelsbacher-gs.de\/wp-content\/uploads\/2026\/03\/IMG_0106-768x500.jpeg 768w, https:\/\/wittelsbacher-gs.de\/wp-content\/uploads\/2026\/03\/IMG_0106-1536x999.jpeg 1536w, https:\/\/wittelsbacher-gs.de\/wp-content\/uploads\/2026\/03\/IMG_0106.jpeg 1788w\" sizes=\"(max-width: 1024px) 100vw, 1024px\" \/><\/a><figcaption class=\"wp-element-caption\">9. M\u00e4rz<\/figcaption><\/figure>\n\n\n\n<figure class=\"wp-block-image size-large\"><a href=\"https:\/\/wittelsbacher-gs.de\/wp-content\/uploads\/2026\/03\/IMG_0111.jpeg\"><img loading=\"lazy\" decoding=\"async\" width=\"1024\" height=\"682\" data-id=\"5358\" src=\"https:\/\/wittelsbacher-gs.de\/wp-content\/uploads\/2026\/03\/IMG_0111-1024x682.jpeg\" alt=\"\" class=\"wp-image-5358\" srcset=\"https:\/\/wittelsbacher-gs.de\/wp-content\/uploads\/2026\/03\/IMG_0111-1024x682.jpeg 1024w, https:\/\/wittelsbacher-gs.de\/wp-content\/uploads\/2026\/03\/IMG_0111-300x200.jpeg 300w, https:\/\/wittelsbacher-gs.de\/wp-content\/uploads\/2026\/03\/IMG_0111-768x512.jpeg 768w, https:\/\/wittelsbacher-gs.de\/wp-content\/uploads\/2026\/03\/IMG_0111-1536x1023.jpeg 1536w, https:\/\/wittelsbacher-gs.de\/wp-content\/uploads\/2026\/03\/IMG_0111.jpeg 1890w\" sizes=\"(max-width: 1024px) 100vw, 1024px\" \/><\/a><figcaption class=\"wp-element-caption\">13.3.2026<\/figcaption><\/figure>\n\n\n\n<figure class=\"wp-block-image size-large\"><a href=\"https:\/\/wittelsbacher-gs.de\/wp-content\/uploads\/2026\/03\/IMG_0112.jpeg\"><img loading=\"lazy\" decoding=\"async\" width=\"1024\" height=\"597\" data-id=\"5360\" src=\"https:\/\/wittelsbacher-gs.de\/wp-content\/uploads\/2026\/03\/IMG_0112-1024x597.jpeg\" alt=\"\" class=\"wp-image-5360\" srcset=\"https:\/\/wittelsbacher-gs.de\/wp-content\/uploads\/2026\/03\/IMG_0112-1024x597.jpeg 1024w, https:\/\/wittelsbacher-gs.de\/wp-content\/uploads\/2026\/03\/IMG_0112-300x175.jpeg 300w, https:\/\/wittelsbacher-gs.de\/wp-content\/uploads\/2026\/03\/IMG_0112-768x448.jpeg 768w, https:\/\/wittelsbacher-gs.de\/wp-content\/uploads\/2026\/03\/IMG_0112-1536x896.jpeg 1536w, https:\/\/wittelsbacher-gs.de\/wp-content\/uploads\/2026\/03\/IMG_0112-2048x1195.jpeg 2048w\" sizes=\"(max-width: 1024px) 100vw, 1024px\" \/><\/a><figcaption class=\"wp-element-caption\">13.3.2026<\/figcaption><\/figure>\n<\/figure>\n\n\n\n<figure class=\"wp-block-image size-large\"><a href=\"https:\/\/wittelsbacher-gs.de\/wp-content\/uploads\/2026\/03\/IMG_0117.jpeg\"><img loading=\"lazy\" decoding=\"async\" width=\"1024\" height=\"727\" src=\"https:\/\/wittelsbacher-gs.de\/wp-content\/uploads\/2026\/03\/IMG_0117-1024x727.jpeg\" alt=\"\" class=\"wp-image-5364\" srcset=\"https:\/\/wittelsbacher-gs.de\/wp-content\/uploads\/2026\/03\/IMG_0117-1024x727.jpeg 1024w, https:\/\/wittelsbacher-gs.de\/wp-content\/uploads\/2026\/03\/IMG_0117-300x213.jpeg 300w, https:\/\/wittelsbacher-gs.de\/wp-content\/uploads\/2026\/03\/IMG_0117-768x545.jpeg 768w, https:\/\/wittelsbacher-gs.de\/wp-content\/uploads\/2026\/03\/IMG_0117-1536x1090.jpeg 1536w, https:\/\/wittelsbacher-gs.de\/wp-content\/uploads\/2026\/03\/IMG_0117.jpeg 1844w\" sizes=\"(max-width: 1024px) 100vw, 1024px\" \/><\/a><figcaption class=\"wp-element-caption\">25.3.2026<\/figcaption><\/figure>\n\n\n\n<p><\/p>\n","protected":false},"excerpt":{"rendered":"<p>Unsere Turmfalken Tom und Tina sind wieder da! Hier an der Schule haben wir zwei Turmfalken. Sie hei\u00dfen Tina und Tom und haben auch schon zweimal K\u00fcken<\/p>\n","protected":false},"author":4,"featured_media":3852,"parent":5194,"menu_order":0,"comment_status":"closed","ping_status":"closed","template":"","meta":{"footnotes":""},"class_list":["post-3844","page","type-page","status-publish","has-post-thumbnail","hentry","","tg-column-third"],"_links":{"self":[{"href":"https:\/\/wittelsbacher-gs.de\/index.php?rest_route=\/wp\/v2\/pages\/3844"}],"collection":[{"href":"https:\/\/wittelsbacher-gs.de\/index.php?rest_route=\/wp\/v2\/pages"}],"about":[{"href":"https:\/\/wittelsbacher-gs.de\/index.php?rest_route=\/wp\/v2\/types\/page"}],"author":[{"embeddable":true,"href":"https:\/\/wittelsbacher-gs.de\/index.php?rest_route=\/wp\/v2\/users\/4"}],"replies":[{"embeddable":true,"href":"https:\/\/wittelsbacher-gs.de\/index.php?rest_route=%2Fwp%2Fv2%2Fcomments&post=3844"}],"version-history":[{"count":57,"href":"https:\/\/wittelsbacher-gs.de\/index.php?rest_route=\/wp\/v2\/pages\/3844\/revisions"}],"predecessor-version":[{"id":5365,"href":"https:\/\/wittelsbacher-gs.de\/index.php?rest_route=\/wp\/v2\/pages\/3844\/revisions\/5365"}],"up":[{"embeddable":true,"href":"https:\/\/wittelsbacher-gs.de\/index.php?rest_route=\/wp\/v2\/pages\/5194"}],"wp:featuredmedia":[{"embeddable":true,"href":"https:\/\/wittelsbacher-gs.de\/index.php?rest_route=\/wp\/v2\/media\/3852"}],"wp:attachment":[{"href":"https:\/\/wittelsbacher-gs.de\/index.php?rest_route=%2Fwp%2Fv2%2Fmedia&parent=3844"}],"curies":[{"name":"wp","href":"https:\/\/api.w.org\/{rel}","templated":true}]}}