

{"id":286,"date":"2015-06-18T15:34:47","date_gmt":"2015-06-18T13:34:47","guid":{"rendered":"http:\/\/wittelsbacher-gs.de\/?page_id=286"},"modified":"2026-01-20T22:05:35","modified_gmt":"2026-01-20T21:05:35","slug":"formulare-downloads","status":"publish","type":"page","link":"https:\/\/wittelsbacher-gs.de\/?page_id=286","title":{"rendered":"Formulare\/N\u00fctzliche Links"},"content":{"rendered":"<h1>\u00a0<\/h1>\n<h1>Formulare<\/h1>\n<h3><a href=\"http:\/\/wittelsbacher-gs.de\/wp-content\/uploads\/2015\/06\/Antrag-auf-Befreiung_Beurlaubung.pdf\"><strong>Antrag<\/strong> auf Befreiung\/Beurlaubung<\/a><\/h3>\n<h3><strong><a href=\"https:\/\/formular-service.augsburg.de\/intelliform\/forms\/stadt_augsburg\/extern\/400\/extern\/400\/gastweiser_schulbesuch_antrag\/index\">Gastschulantragsformulare<\/a><\/strong><\/h3>\n<h2>\u00a0<\/h2>\n<h1>N\u00fctzliche Links<\/h1>\n<div class=\"text clearfix colelem\">\u00a0Hier gibt es eine Stundenplan-Vorlage zum Ausdrucken:<\/div>\n<div>\u00a0<\/div>\n<div>Regelklasse<\/div>\n<div>\u00a0<\/div>\n<div class=\"text clearfix colelem\"><a href=\"https:\/\/wittelsbacher-gs.de\/wp-content\/uploads\/2022\/10\/stundenplan-R.pdf\"><img loading=\"lazy\" decoding=\"async\" class=\"alignnone size-medium wp-image-3985\" src=\"https:\/\/wittelsbacher-gs.de\/wp-content\/uploads\/2022\/10\/Bildschirmfoto-2022-10-06-um-14.22.34-300x211.png\" alt=\"\" width=\"300\" height=\"211\" srcset=\"https:\/\/wittelsbacher-gs.de\/wp-content\/uploads\/2022\/10\/Bildschirmfoto-2022-10-06-um-14.22.34-300x211.png 300w, https:\/\/wittelsbacher-gs.de\/wp-content\/uploads\/2022\/10\/Bildschirmfoto-2022-10-06-um-14.22.34-1024x722.png 1024w, https:\/\/wittelsbacher-gs.de\/wp-content\/uploads\/2022\/10\/Bildschirmfoto-2022-10-06-um-14.22.34-768x541.png 768w, https:\/\/wittelsbacher-gs.de\/wp-content\/uploads\/2022\/10\/Bildschirmfoto-2022-10-06-um-14.22.34-1536x1083.png 1536w, https:\/\/wittelsbacher-gs.de\/wp-content\/uploads\/2022\/10\/Bildschirmfoto-2022-10-06-um-14.22.34-2048x1444.png 2048w\" sizes=\"(max-width: 300px) 100vw, 300px\" \/><\/a><\/div>\n<div>\u00a0<\/div>\n<div>Ganztag<\/div>\n<div>\u00a0<\/div>\n<div><a href=\"https:\/\/wittelsbacher-gs.de\/wp-content\/uploads\/2022\/10\/stundenplan-GT.pdf\"><img loading=\"lazy\" decoding=\"async\" class=\"alignnone size-medium wp-image-3986\" src=\"https:\/\/wittelsbacher-gs.de\/wp-content\/uploads\/2022\/10\/Bildschirmfoto-2022-10-06-um-14.22.18-300x211.png\" alt=\"\" width=\"300\" height=\"211\" srcset=\"https:\/\/wittelsbacher-gs.de\/wp-content\/uploads\/2022\/10\/Bildschirmfoto-2022-10-06-um-14.22.18-300x211.png 300w, https:\/\/wittelsbacher-gs.de\/wp-content\/uploads\/2022\/10\/Bildschirmfoto-2022-10-06-um-14.22.18-1024x721.png 1024w, https:\/\/wittelsbacher-gs.de\/wp-content\/uploads\/2022\/10\/Bildschirmfoto-2022-10-06-um-14.22.18-768x541.png 768w, https:\/\/wittelsbacher-gs.de\/wp-content\/uploads\/2022\/10\/Bildschirmfoto-2022-10-06-um-14.22.18-1536x1082.png 1536w, https:\/\/wittelsbacher-gs.de\/wp-content\/uploads\/2022\/10\/Bildschirmfoto-2022-10-06-um-14.22.18-2048x1442.png 2048w\" sizes=\"(max-width: 300px) 100vw, 300px\" \/><\/a><\/div>\n<div>\u00a0<\/div>\n<p id=\"u1165-2\">Das Schulreferat der Stadt Augsburg bietet im Bildungsportal Augsburg Informationen zum Thema Schulen und Bildung in Augsburg:<\/p>\n<p id=\"u1165-5\"><a class=\"nonblock\" href=\"http:\/\/www.bildung.augsburg.de\/\" target=\"_blank\" rel=\"noopener noreferrer\">http:\/\/www.bildung.augsburg.de<\/a><\/p>\n<p id=\"u1165-14\">Bayerisches Staatsministerium f\u00fcr Bildung und Kultus, Wissenschaft und Kunst &#8211; mit vielen Infos f\u00fcr Sch\u00fclerinnen und Sch\u00fcler bayernweit:<\/p>\n<p id=\"u1165-17\"><a class=\"nonblock\" href=\"http:\/\/www.km.bayern.de\/schueler.html\" target=\"_blank\" rel=\"noopener noreferrer\">http:\/\/www.km.bayern.de\/schueler.html<\/a><\/p>\n<p><a href=\"http:\/\/wittelsbacher-gs.de\/?page_id=28\">&lt;&lt;&lt; zur\u00fcck<\/a><\/p>\n\n\n<p><\/p>\n","protected":false},"excerpt":{"rendered":"<p>\u00a0 Formulare Antrag auf Befreiung\/Beurlaubung Gastschulantragsformulare \u00a0 N\u00fctzliche Links \u00a0Hier gibt es eine Stundenplan-Vorlage zum Ausdrucken: \u00a0 Regelklasse \u00a0 \u00a0 Ganztag \u00a0 \u00a0 Das Schulreferat der Stadt<\/p>\n","protected":false},"author":1,"featured_media":0,"parent":28,"menu_order":5,"comment_status":"closed","ping_status":"closed","template":"","meta":{"footnotes":""},"class_list":["post-286","page","type-page","status-publish","hentry","","tg-column-third"],"_links":{"self":[{"href":"https:\/\/wittelsbacher-gs.de\/index.php?rest_route=\/wp\/v2\/pages\/286"}],"collection":[{"href":"https:\/\/wittelsbacher-gs.de\/index.php?rest_route=\/wp\/v2\/pages"}],"about":[{"href":"https:\/\/wittelsbacher-gs.de\/index.php?rest_route=\/wp\/v2\/types\/page"}],"author":[{"embeddable":true,"href":"https:\/\/wittelsbacher-gs.de\/index.php?rest_route=\/wp\/v2\/users\/1"}],"replies":[{"embeddable":true,"href":"https:\/\/wittelsbacher-gs.de\/index.php?rest_route=%2Fwp%2Fv2%2Fcomments&post=286"}],"version-history":[{"count":44,"href":"https:\/\/wittelsbacher-gs.de\/index.php?rest_route=\/wp\/v2\/pages\/286\/revisions"}],"predecessor-version":[{"id":4903,"href":"https:\/\/wittelsbacher-gs.de\/index.php?rest_route=\/wp\/v2\/pages\/286\/revisions\/4903"}],"up":[{"embeddable":true,"href":"https:\/\/wittelsbacher-gs.de\/index.php?rest_route=\/wp\/v2\/pages\/28"}],"wp:attachment":[{"href":"https:\/\/wittelsbacher-gs.de\/index.php?rest_route=%2Fwp%2Fv2%2Fmedia&parent=286"}],"curies":[{"name":"wp","href":"https:\/\/api.w.org\/{rel}","templated":true}]}}