

{"id":283,"date":"2015-06-18T15:29:54","date_gmt":"2015-06-18T13:29:54","guid":{"rendered":"http:\/\/wittelsbacher-gs.de\/?page_id=283"},"modified":"2024-05-03T12:01:20","modified_gmt":"2024-05-03T10:01:20","slug":"uebergangsklassen","status":"publish","type":"page","link":"https:\/\/wittelsbacher-gs.de\/?page_id=283","title":{"rendered":"Deutschklassen"},"content":{"rendered":"<p>Deutschklassen sind Eingangsklassen f\u00fcr Sch\u00fclerinnen und Sch\u00fcler, die als Quereinsteiger in das deutsche Schulsystem eintreten. Alle Kinder der Deutschklassen haben nur minimale, meist gar keine Deutschkenntnisse. Der Erwerb der deutschen Sprache steht im Mittelpunkt der F\u00f6rderung. Einige der Kinder haben bereits in ihren Herkunftsl\u00e4ndern oder in dem Land bzw. in den L\u00e4ndern, in denen sie bisher lebten, eine Schule besucht. Die Kinder kommen aus den unterschiedlichsten L\u00e4ndern, Kulturkreisen und Religionen. Auch ihre Biographien und ihre bisherigen Lebenserfahrungen k\u00f6nnten unterschiedlicher nicht sein. In den Deutschklassen treffen neben unterschiedlichsten Nationalit\u00e4ten auch viele verschiedene Sprachen aufeinander.<\/p>\n<p>Ein wichtiges Ziel des Europ\u00e4ischen Sozialfonds ist die F\u00f6rderung der Chancengleichheit in Ausbildung und Beruf. F\u00fcr Sch\u00fclerinnen und Sch\u00fcler, die ohne Deutschkenntnisse im schulpflichtigen oder berufspflichtigen Alter nach Bayern kommen, ist eine F\u00f6rderung des Spracherwerbs eine wesentliche Voraussetzung der Teilnahme am Bildungsangebot. Durch die Einrichtung eines gebundenen Ganztagsangebots von Deutschklassen an Grund- und Mittelschulen, werden die Integration und der Spracherwerb der teilnehmenden Sch\u00fclerinnen und Sch\u00fcler gef\u00f6rdert und ihre Chancen auf eine begabungsgerechte Teilhabe am Bildungsangebot verbessert.<\/p>\n<p>An der Wittelsbacher Grundschule gibt es insgesamt 2 Deutschklassen. Die Klassen sind Jahrgangskombiniert.<\/p>\n<p>Unsere Deutschklassen werden im gebunden Ganztag unterrichtet. Montag bis Donnerstag von 8:00-16:00 Uhr und Freitag von 8:00-13:00 Uhr.<\/p>\n<p><a href=\"https:\/\/wittelsbacher-gs.de\/wp-content\/uploads\/2024\/05\/Bildschirmfoto-2024-05-03-um-11.57.20.png\"><img loading=\"lazy\" decoding=\"async\" class=\"alignnone size-medium wp-image-4618\" src=\"https:\/\/wittelsbacher-gs.de\/wp-content\/uploads\/2024\/05\/Bildschirmfoto-2024-05-03-um-11.57.20-300x62.png\" alt=\"\" width=\"300\" height=\"62\" srcset=\"https:\/\/wittelsbacher-gs.de\/wp-content\/uploads\/2024\/05\/Bildschirmfoto-2024-05-03-um-11.57.20-300x62.png 300w, https:\/\/wittelsbacher-gs.de\/wp-content\/uploads\/2024\/05\/Bildschirmfoto-2024-05-03-um-11.57.20-1024x210.png 1024w, https:\/\/wittelsbacher-gs.de\/wp-content\/uploads\/2024\/05\/Bildschirmfoto-2024-05-03-um-11.57.20-768x158.png 768w, https:\/\/wittelsbacher-gs.de\/wp-content\/uploads\/2024\/05\/Bildschirmfoto-2024-05-03-um-11.57.20-1536x315.png 1536w, https:\/\/wittelsbacher-gs.de\/wp-content\/uploads\/2024\/05\/Bildschirmfoto-2024-05-03-um-11.57.20-2048x420.png 2048w\" sizes=\"(max-width: 300px) 100vw, 300px\" \/><\/a><\/p>\n<p>Die Ganztagsdeutschklassen werden aus Mitteln des Europ\u00e4ischen Sozialfonds (ESF) mitfinanziert. \u201eDer Eu\u00adro\u00adp\u00e4i\u00adsche So\u00adzi\u00adal\u00adfonds (ESF) ist das wich\u00adtigs\u00adte In\u00adstru\u00adment der Eu\u00adro\u00adp\u00e4i\u00adschen Uni\u00adon zur F\u00f6r\u00adde\u00adrung der Be\u00adsch\u00e4f\u00adti\u00adgung in Eu\u00adro\u00adpa. Er ver\u00adbes\u00adsert den Zu\u00adgang zu bes\u00adse\u00adren Ar\u00adbeitspl\u00e4t\u00adzen, bie\u00adtet Qua\u00adli\u00adfi\u00adzie\u00adrung und un\u00adter\u00adst\u00fctzt die so\u00adzia\u00adle In\u00adte\u00adgra\u00adti\u00adon.\u201c(weitere Informationen finden Sie unter: <a href=\"http:\/\/www.esf.de\"><u>www.esf.de<\/u><\/a>)<\/p>\n<p><a href=\"https:\/\/wittelsbacher-gs.de\/wp-content\/uploads\/2024\/05\/Logo.jpg\"><img loading=\"lazy\" decoding=\"async\" class=\"alignnone size-full wp-image-4614\" src=\"https:\/\/wittelsbacher-gs.de\/wp-content\/uploads\/2024\/05\/Logo.jpg\" alt=\"\" width=\"213\" height=\"69\" \/><\/a><\/p>\n<p>Die Kolping-Bildungs-GmbH.<\/p>\n<p>Kooperationspartner bei der sozialp\u00e4dagogischen Betreuung der Deutschklassen im gebunden Ganztag.<\/p>\n<p><a href=\"http:\/\/wittelsbacher-gs.de\/?page_id=96\">&lt;&lt;&lt; zur\u00fcck<\/a><\/p>\n","protected":false},"excerpt":{"rendered":"<p>Deutschklassen sind Eingangsklassen f\u00fcr Sch\u00fclerinnen und Sch\u00fcler, die als Quereinsteiger in das deutsche Schulsystem eintreten. Alle Kinder der Deutschklassen haben nur minimale, meist gar keine Deutschkenntnisse. Der<\/p>\n","protected":false},"author":1,"featured_media":0,"parent":96,"menu_order":0,"comment_status":"closed","ping_status":"closed","template":"","meta":{"footnotes":""},"class_list":["post-283","page","type-page","status-publish","hentry","","tg-column-third"],"_links":{"self":[{"href":"https:\/\/wittelsbacher-gs.de\/index.php?rest_route=\/wp\/v2\/pages\/283"}],"collection":[{"href":"https:\/\/wittelsbacher-gs.de\/index.php?rest_route=\/wp\/v2\/pages"}],"about":[{"href":"https:\/\/wittelsbacher-gs.de\/index.php?rest_route=\/wp\/v2\/types\/page"}],"author":[{"embeddable":true,"href":"https:\/\/wittelsbacher-gs.de\/index.php?rest_route=\/wp\/v2\/users\/1"}],"replies":[{"embeddable":true,"href":"https:\/\/wittelsbacher-gs.de\/index.php?rest_route=%2Fwp%2Fv2%2Fcomments&post=283"}],"version-history":[{"count":16,"href":"https:\/\/wittelsbacher-gs.de\/index.php?rest_route=\/wp\/v2\/pages\/283\/revisions"}],"predecessor-version":[{"id":4619,"href":"https:\/\/wittelsbacher-gs.de\/index.php?rest_route=\/wp\/v2\/pages\/283\/revisions\/4619"}],"up":[{"embeddable":true,"href":"https:\/\/wittelsbacher-gs.de\/index.php?rest_route=\/wp\/v2\/pages\/96"}],"wp:attachment":[{"href":"https:\/\/wittelsbacher-gs.de\/index.php?rest_route=%2Fwp%2Fv2%2Fmedia&parent=283"}],"curies":[{"name":"wp","href":"https:\/\/api.w.org\/{rel}","templated":true}]}}