

{"id":279,"date":"2015-06-18T15:27:47","date_gmt":"2015-06-18T13:27:47","guid":{"rendered":"http:\/\/wittelsbacher-gs.de\/?page_id=279"},"modified":"2026-01-20T21:35:58","modified_gmt":"2026-01-20T20:35:58","slug":"foerderverein","status":"publish","type":"page","link":"https:\/\/wittelsbacher-gs.de\/?page_id=279","title":{"rendered":"F\u00f6rderverein"},"content":{"rendered":"<p>Der F\u00f6rderverein der Wittelsbacher Grundschule wurde im Jahr 2007 gegr\u00fcndet.<\/p>\n<p>Ziel des Vereins ist es, die Kinder der Wittelsbacher Schule in Bereichen zu f\u00f6rdern, die von \u00f6ffentlichen Geldern nicht subventioniert werden.<br \/>\nDer F\u00f6rderverein arbeitet dabei eng mit dem Elternbeirat und der Schulleitung zusammen.<\/p>\n<p>Der Verein<\/p>\n<ul>\n<li>unterst\u00fctzt finanziell die schulische Ausstattung (Spielekiste, Lehr- und Lernmittel, \u2026)<\/li>\n<li>unterst\u00fctzt finanziell das Lernkarussell, die Ausbildung der Schulsanit\u00e4ter und das \u201eTeek\u00e4nnchen\u201c<\/li>\n<li>f\u00f6rdert und gestaltet in Zusammenarbeit mit dem Elternbeirat schulische Veranstaltungen (z.B. Selbstbehauptungskurs, Erste-Hilfe-Kurs)<\/li>\n<li>unterst\u00fctzt in Einzelf\u00e4llen bed\u00fcrftige Familien<\/li>\n<\/ul>\n<p>Auch Sie k\u00f6nnen Mitglied werden, und durch Ihren j\u00e4hrlichen Beitrag, Ihre Mitarbeit oder auch eine Spende, die Schule aktiv mitgestalten und unsere Kinder f\u00f6rdern.<\/p>\n<p>Den Mitgliedsantrag erhalten Sie im Sekretariat oder \u00fcber die Klassenleitung Ihres Kindes. Selbstverst\u00e4ndlich senden wir Ihnen den Antrag auf Mitgliedschaft mit weiteren Informationen zum F\u00f6rderverein auch gerne per E-Mail zu. Sie erreichen uns unter:<\/p>\n<p><a href=\"mailto:wittelsbacher-fv@gmx.de\">wittelsbacher-fv@gmx.de<\/a><\/p>\n<p>F\u00f6rderverein der<br \/>\nWittelsbacher Grundschule e.V.<br \/>\nElisenstra\u00dfe 5<br \/>\n86159 Augsburg<\/p>\n<p>F\u00f6rderverein der Wittelsbacher Grundschule e.V.<br \/>\nBankverbindung: IBAN DE20 7205 0000 0240 9082 51 BIC AUGSDE77XXX bei Sparkasse Augsburg<\/p>\n<p><a href=\"https:\/\/wittelsbacher-gs.de\/wp-content\/uploads\/2025\/04\/Bildschirmfoto-2025-04-24-um-11.01.37-2.png\"><img loading=\"lazy\" decoding=\"async\" class=\"alignnone size-medium wp-image-5040\" src=\"https:\/\/wittelsbacher-gs.de\/wp-content\/uploads\/2025\/04\/Bildschirmfoto-2025-04-24-um-11.01.37-2-213x300.png\" alt=\"\" width=\"213\" height=\"300\" srcset=\"https:\/\/wittelsbacher-gs.de\/wp-content\/uploads\/2025\/04\/Bildschirmfoto-2025-04-24-um-11.01.37-2-213x300.png 213w, https:\/\/wittelsbacher-gs.de\/wp-content\/uploads\/2025\/04\/Bildschirmfoto-2025-04-24-um-11.01.37-2-726x1024.png 726w, https:\/\/wittelsbacher-gs.de\/wp-content\/uploads\/2025\/04\/Bildschirmfoto-2025-04-24-um-11.01.37-2-768x1083.png 768w, https:\/\/wittelsbacher-gs.de\/wp-content\/uploads\/2025\/04\/Bildschirmfoto-2025-04-24-um-11.01.37-2-1089x1536.png 1089w, https:\/\/wittelsbacher-gs.de\/wp-content\/uploads\/2025\/04\/Bildschirmfoto-2025-04-24-um-11.01.37-2.png 1116w\" sizes=\"(max-width: 213px) 100vw, 213px\" \/><\/a><a href=\"https:\/\/wittelsbacher-gs.de\/wp-content\/uploads\/2025\/04\/Bildschirmfoto-2025-04-24-um-11.01.46-2.png\"><img loading=\"lazy\" decoding=\"async\" class=\"alignnone size-medium wp-image-5041\" src=\"https:\/\/wittelsbacher-gs.de\/wp-content\/uploads\/2025\/04\/Bildschirmfoto-2025-04-24-um-11.01.46-2-212x300.png\" alt=\"\" width=\"212\" height=\"300\" srcset=\"https:\/\/wittelsbacher-gs.de\/wp-content\/uploads\/2025\/04\/Bildschirmfoto-2025-04-24-um-11.01.46-2-212x300.png 212w, https:\/\/wittelsbacher-gs.de\/wp-content\/uploads\/2025\/04\/Bildschirmfoto-2025-04-24-um-11.01.46-2-723x1024.png 723w, https:\/\/wittelsbacher-gs.de\/wp-content\/uploads\/2025\/04\/Bildschirmfoto-2025-04-24-um-11.01.46-2-768x1088.png 768w, https:\/\/wittelsbacher-gs.de\/wp-content\/uploads\/2025\/04\/Bildschirmfoto-2025-04-24-um-11.01.46-2-1084x1536.png 1084w, https:\/\/wittelsbacher-gs.de\/wp-content\/uploads\/2025\/04\/Bildschirmfoto-2025-04-24-um-11.01.46-2.png 1112w\" sizes=\"(max-width: 212px) 100vw, 212px\" \/><\/a><a href=\"https:\/\/wittelsbacher-gs.de\/wp-content\/uploads\/2025\/04\/Bildschirmfoto-2025-04-24-um-11.01.53-2.png\"><img loading=\"lazy\" decoding=\"async\" class=\"alignnone size-medium wp-image-5042\" src=\"https:\/\/wittelsbacher-gs.de\/wp-content\/uploads\/2025\/04\/Bildschirmfoto-2025-04-24-um-11.01.53-2-212x300.png\" alt=\"\" width=\"212\" height=\"300\" srcset=\"https:\/\/wittelsbacher-gs.de\/wp-content\/uploads\/2025\/04\/Bildschirmfoto-2025-04-24-um-11.01.53-2-212x300.png 212w, https:\/\/wittelsbacher-gs.de\/wp-content\/uploads\/2025\/04\/Bildschirmfoto-2025-04-24-um-11.01.53-2-724x1024.png 724w, https:\/\/wittelsbacher-gs.de\/wp-content\/uploads\/2025\/04\/Bildschirmfoto-2025-04-24-um-11.01.53-2-768x1087.png 768w, https:\/\/wittelsbacher-gs.de\/wp-content\/uploads\/2025\/04\/Bildschirmfoto-2025-04-24-um-11.01.53-2-1086x1536.png 1086w, https:\/\/wittelsbacher-gs.de\/wp-content\/uploads\/2025\/04\/Bildschirmfoto-2025-04-24-um-11.01.53-2.png 1114w\" sizes=\"(max-width: 212px) 100vw, 212px\" \/><\/a><a href=\"https:\/\/wittelsbacher-gs.de\/wp-content\/uploads\/2025\/04\/Bildschirmfoto-2025-04-24-um-11.02.01-2.png\"><img loading=\"lazy\" decoding=\"async\" class=\"alignnone size-medium wp-image-5043\" src=\"https:\/\/wittelsbacher-gs.de\/wp-content\/uploads\/2025\/04\/Bildschirmfoto-2025-04-24-um-11.02.01-2-212x300.png\" alt=\"\" width=\"212\" height=\"300\" srcset=\"https:\/\/wittelsbacher-gs.de\/wp-content\/uploads\/2025\/04\/Bildschirmfoto-2025-04-24-um-11.02.01-2-212x300.png 212w, https:\/\/wittelsbacher-gs.de\/wp-content\/uploads\/2025\/04\/Bildschirmfoto-2025-04-24-um-11.02.01-2-724x1024.png 724w, https:\/\/wittelsbacher-gs.de\/wp-content\/uploads\/2025\/04\/Bildschirmfoto-2025-04-24-um-11.02.01-2-768x1087.png 768w, https:\/\/wittelsbacher-gs.de\/wp-content\/uploads\/2025\/04\/Bildschirmfoto-2025-04-24-um-11.02.01-2-1086x1536.png 1086w, https:\/\/wittelsbacher-gs.de\/wp-content\/uploads\/2025\/04\/Bildschirmfoto-2025-04-24-um-11.02.01-2.png 1114w\" sizes=\"(max-width: 212px) 100vw, 212px\" \/><\/a><a href=\"https:\/\/wittelsbacher-gs.de\/wp-content\/uploads\/2025\/04\/Bildschirmfoto-2025-04-24-um-11.02.09-2.png\"><img loading=\"lazy\" decoding=\"async\" class=\"alignnone size-medium wp-image-5044\" src=\"https:\/\/wittelsbacher-gs.de\/wp-content\/uploads\/2025\/04\/Bildschirmfoto-2025-04-24-um-11.02.09-2-212x300.png\" alt=\"\" width=\"212\" height=\"300\" srcset=\"https:\/\/wittelsbacher-gs.de\/wp-content\/uploads\/2025\/04\/Bildschirmfoto-2025-04-24-um-11.02.09-2-212x300.png 212w, https:\/\/wittelsbacher-gs.de\/wp-content\/uploads\/2025\/04\/Bildschirmfoto-2025-04-24-um-11.02.09-2-724x1024.png 724w, https:\/\/wittelsbacher-gs.de\/wp-content\/uploads\/2025\/04\/Bildschirmfoto-2025-04-24-um-11.02.09-2-768x1086.png 768w, https:\/\/wittelsbacher-gs.de\/wp-content\/uploads\/2025\/04\/Bildschirmfoto-2025-04-24-um-11.02.09-2-1087x1536.png 1087w, https:\/\/wittelsbacher-gs.de\/wp-content\/uploads\/2025\/04\/Bildschirmfoto-2025-04-24-um-11.02.09-2.png 1112w\" sizes=\"(max-width: 212px) 100vw, 212px\" \/><\/a><\/p>\n<p><a href=\"http:\/\/wittelsbacher-gs.de\/?page_id=100\">&lt;&lt;&lt; zur\u00fcck<\/a><\/p>\n","protected":false},"excerpt":{"rendered":"<p>Der F\u00f6rderverein der Wittelsbacher Grundschule wurde im Jahr 2007 gegr\u00fcndet. Ziel des Vereins ist es, die Kinder der Wittelsbacher Schule in Bereichen zu f\u00f6rdern, die von \u00f6ffentlichen<\/p>\n","protected":false},"author":1,"featured_media":4296,"parent":5201,"menu_order":6,"comment_status":"closed","ping_status":"closed","template":"","meta":{"footnotes":""},"class_list":["post-279","page","type-page","status-publish","has-post-thumbnail","hentry","","tg-column-third"],"_links":{"self":[{"href":"https:\/\/wittelsbacher-gs.de\/index.php?rest_route=\/wp\/v2\/pages\/279"}],"collection":[{"href":"https:\/\/wittelsbacher-gs.de\/index.php?rest_route=\/wp\/v2\/pages"}],"about":[{"href":"https:\/\/wittelsbacher-gs.de\/index.php?rest_route=\/wp\/v2\/types\/page"}],"author":[{"embeddable":true,"href":"https:\/\/wittelsbacher-gs.de\/index.php?rest_route=\/wp\/v2\/users\/1"}],"replies":[{"embeddable":true,"href":"https:\/\/wittelsbacher-gs.de\/index.php?rest_route=%2Fwp%2Fv2%2Fcomments&post=279"}],"version-history":[{"count":28,"href":"https:\/\/wittelsbacher-gs.de\/index.php?rest_route=\/wp\/v2\/pages\/279\/revisions"}],"predecessor-version":[{"id":5131,"href":"https:\/\/wittelsbacher-gs.de\/index.php?rest_route=\/wp\/v2\/pages\/279\/revisions\/5131"}],"up":[{"embeddable":true,"href":"https:\/\/wittelsbacher-gs.de\/index.php?rest_route=\/wp\/v2\/pages\/5201"}],"wp:featuredmedia":[{"embeddable":true,"href":"https:\/\/wittelsbacher-gs.de\/index.php?rest_route=\/wp\/v2\/media\/4296"}],"wp:attachment":[{"href":"https:\/\/wittelsbacher-gs.de\/index.php?rest_route=%2Fwp%2Fv2%2Fmedia&parent=279"}],"curies":[{"name":"wp","href":"https:\/\/api.w.org\/{rel}","templated":true}]}}