

{"id":251,"date":"2015-06-18T14:47:21","date_gmt":"2015-06-18T12:47:21","guid":{"rendered":"http:\/\/wittelsbacher-gs.de\/?page_id=251"},"modified":"2025-10-23T13:38:26","modified_gmt":"2025-10-23T11:38:26","slug":"schuldaten","status":"publish","type":"page","link":"https:\/\/wittelsbacher-gs.de\/?page_id=251","title":{"rendered":"Schuldaten"},"content":{"rendered":"<p>Schulart: Grundschule<\/p>\n<p>Rechtlicher Status: \u00f6ffentliche Schule (staatlich)<br \/>\nGr\u00fcndung: ca. 1900<\/p>\n<p>Eckdaten im Schuljahr 25\/26:<br \/>\n40 Lehrkr\u00e4fte<br \/>\n408 Sch\u00fcler und Sch\u00fclerinnen<br \/>\n19 Klassen<\/p>\n<p>Besondere Angebote:<\/p>\n<p style=\"line-height: 18.0pt; vertical-align: baseline; margin: 0cm 0cm 11.25pt 0cm;\">Vorkurse<span style=\"font-family: '&amp;quot',serif; color: #666666;\"><br \/>\n<\/span> Ganztag Regelklasse 1.\/2.\/ 3.\/4. Jahrgangsstufe<br \/>\nDeutschPLUS in der 1. und 2. Jahrgangsstufe<br \/>\nDeutschPLUS in der 3. und 4. Jahrgangsstufe<br \/>\nDeutschklassen f\u00fcr Kinder, die neu in Deutschland sind und \u00fcber nur wenige oder gar keine Deutschkenntnisse verf\u00fcgen<br \/>\nMittagsbetreuung (e.V.) mit \u00fcber 245 Sch\u00fclern in 6 KoGa-Gruppen und 14 Mittagsbetreuungsgruppen.<\/p>\n<p><a href=\"http:\/\/wittelsbacher-gs.de\/?page_id=96\">&lt;&lt;&lt; zur\u00fcck<\/a><\/p>\n","protected":false},"excerpt":{"rendered":"<p>Schulart: Grundschule Rechtlicher Status: \u00f6ffentliche Schule (staatlich) Gr\u00fcndung: ca. 1900 Eckdaten im Schuljahr 25\/26: 40 Lehrkr\u00e4fte 408 Sch\u00fcler und Sch\u00fclerinnen 19 Klassen Besondere Angebote: Vorkurse Ganztag Regelklasse<\/p>\n","protected":false},"author":1,"featured_media":0,"parent":96,"menu_order":0,"comment_status":"closed","ping_status":"closed","template":"","meta":{"footnotes":""},"class_list":["post-251","page","type-page","status-publish","hentry","","tg-column-third"],"_links":{"self":[{"href":"https:\/\/wittelsbacher-gs.de\/index.php?rest_route=\/wp\/v2\/pages\/251"}],"collection":[{"href":"https:\/\/wittelsbacher-gs.de\/index.php?rest_route=\/wp\/v2\/pages"}],"about":[{"href":"https:\/\/wittelsbacher-gs.de\/index.php?rest_route=\/wp\/v2\/types\/page"}],"author":[{"embeddable":true,"href":"https:\/\/wittelsbacher-gs.de\/index.php?rest_route=\/wp\/v2\/users\/1"}],"replies":[{"embeddable":true,"href":"https:\/\/wittelsbacher-gs.de\/index.php?rest_route=%2Fwp%2Fv2%2Fcomments&post=251"}],"version-history":[{"count":19,"href":"https:\/\/wittelsbacher-gs.de\/index.php?rest_route=\/wp\/v2\/pages\/251\/revisions"}],"predecessor-version":[{"id":5112,"href":"https:\/\/wittelsbacher-gs.de\/index.php?rest_route=\/wp\/v2\/pages\/251\/revisions\/5112"}],"up":[{"embeddable":true,"href":"https:\/\/wittelsbacher-gs.de\/index.php?rest_route=\/wp\/v2\/pages\/96"}],"wp:attachment":[{"href":"https:\/\/wittelsbacher-gs.de\/index.php?rest_route=%2Fwp%2Fv2%2Fmedia&parent=251"}],"curies":[{"name":"wp","href":"https:\/\/api.w.org\/{rel}","templated":true}]}}