

{"id":208,"date":"2015-05-19T14:07:31","date_gmt":"2015-05-19T12:07:31","guid":{"rendered":"http:\/\/wittelsbacher-gs.de\/?page_id=208"},"modified":"2026-02-26T14:35:30","modified_gmt":"2026-02-26T13:35:30","slug":"termine","status":"publish","type":"page","link":"https:\/\/wittelsbacher-gs.de\/?page_id=208","title":{"rendered":"Termine"},"content":{"rendered":"\n<p>\u00dcbersicht Termine Schuleinschreibung<\/p>\n\n\n\n<p><\/p>\n\n\n\n<ul class=\"wp-block-list\">\n<li>Schulspiel f\u00fcr&nbsp;<strong>ausgew\u00e4hlte<\/strong>&nbsp;Kinder am 3.3.26 und 5.03.26&nbsp;<\/li>\n<\/ul>\n\n\n\n<p><\/p>\n\n\n\n<ul class=\"wp-block-list\">\n<li>Schuleinschreibung am 10.03.2026 nur f\u00fcr die Eltern ab 13:15 Uhr<\/li>\n<\/ul>\n\n\n\n<p><\/p>\n\n\n\n<p>Angebote f\u00fcr zuk\u00fcnftige Erstkl\u00e4ssler<\/p>\n\n\n\n<ul class=\"wp-block-list\">\n<li>Dienstag, 24. M\u00e4rz um 16:30 Uhr Vorlesen in der Leseinsel<\/li>\n\n\n\n<li>Mittwoch, 20.Mai um 16:30 Vorlesen in der Leseinsel<\/li>\n\n\n\n<li>Donnerstag&nbsp;&nbsp;25. Juni um 16:30 Vorlesen in der Leseinsel<\/li>\n\n\n\n<li>Dienstag, 07. Juli 16:00 Uhr oder 17:00 Uhr&nbsp;&nbsp;Schulluftschnuppern<\/li>\n<\/ul>\n\n\n\n<p>Ferien:<\/p>\n\n\n\n<ul class=\"wp-block-list\">\n<li><strong>Osterferien<\/strong>: 30.03.2026 \u2013 10.04.2026<\/li>\n\n\n\n<li><strong>Pfingstferien<\/strong>: 26.05.2026 \u2013 05.06.2026<\/li>\n\n\n\n<li><strong>Sommerferien<\/strong>: 03.08.2026 &#8211; 14.09.2026<\/li>\n<\/ul>\n\n\n\n<p>Zeugnisse:<\/p>\n\n\n\n<ul class=\"wp-block-list\">\n<li><strong>\u00dcbertrittszeugnis<\/strong>: 04.05.2026<\/li>\n\n\n\n<li><strong>Jahreszeugnis\u00a0<\/strong>und letzter Schultag vor den Sommerferien: 31.07.2026<\/li>\n<\/ul>\n","protected":false},"excerpt":{"rendered":"<p>\u00dcbersicht Termine Schuleinschreibung Angebote f\u00fcr zuk\u00fcnftige Erstkl\u00e4ssler Ferien: Zeugnisse:<\/p>\n","protected":false},"author":1,"featured_media":248,"parent":0,"menu_order":1,"comment_status":"closed","ping_status":"closed","template":"","meta":{"footnotes":""},"class_list":["post-208","page","type-page","status-publish","has-post-thumbnail","hentry","","tg-column-third"],"_links":{"self":[{"href":"https:\/\/wittelsbacher-gs.de\/index.php?rest_route=\/wp\/v2\/pages\/208"}],"collection":[{"href":"https:\/\/wittelsbacher-gs.de\/index.php?rest_route=\/wp\/v2\/pages"}],"about":[{"href":"https:\/\/wittelsbacher-gs.de\/index.php?rest_route=\/wp\/v2\/types\/page"}],"author":[{"embeddable":true,"href":"https:\/\/wittelsbacher-gs.de\/index.php?rest_route=\/wp\/v2\/users\/1"}],"replies":[{"embeddable":true,"href":"https:\/\/wittelsbacher-gs.de\/index.php?rest_route=%2Fwp%2Fv2%2Fcomments&post=208"}],"version-history":[{"count":143,"href":"https:\/\/wittelsbacher-gs.de\/index.php?rest_route=\/wp\/v2\/pages\/208\/revisions"}],"predecessor-version":[{"id":5322,"href":"https:\/\/wittelsbacher-gs.de\/index.php?rest_route=\/wp\/v2\/pages\/208\/revisions\/5322"}],"wp:featuredmedia":[{"embeddable":true,"href":"https:\/\/wittelsbacher-gs.de\/index.php?rest_route=\/wp\/v2\/media\/248"}],"wp:attachment":[{"href":"https:\/\/wittelsbacher-gs.de\/index.php?rest_route=%2Fwp%2Fv2%2Fmedia&parent=208"}],"curies":[{"name":"wp","href":"https:\/\/api.w.org\/{rel}","templated":true}]}}