

{"id":1417,"date":"2018-01-24T13:07:14","date_gmt":"2018-01-24T12:07:14","guid":{"rendered":"http:\/\/wittelsbacher-gs.de\/?page_id=1417"},"modified":"2026-01-20T21:39:58","modified_gmt":"2026-01-20T20:39:58","slug":"eu-schulprogramm-obst-gemuese-milch-und-milchprodukte","status":"publish","type":"page","link":"https:\/\/wittelsbacher-gs.de\/?page_id=1417","title":{"rendered":"EU-Schulprogramm &#8211; Obst und Gem\u00fcse"},"content":{"rendered":"\n<p>&nbsp;<\/p>\n\n\n\n<p>Wir machen mit beim EU-Schulprogramm!<\/p>\n\n\n\n<p>Die rollende Gem\u00fcsekiste liefert frisches Bio-Obst und -Gem\u00fcse f\u00fcr unsere Sch\u00fclerinnen und Sch\u00fcler.<\/p>\n\n\n\n<p>Durch dieses Programm k\u00f6nnen wir unseren Sch\u00fclerinnen und Sch\u00fclern regelm\u00e4\u00dfig und kostenlos frisches, 100 % biologisches Obst und Gem\u00fcse anbieten. Die hochwertigen Produkte beziehen wir von der rollenden Gem\u00fcsekiste, einem familiengef\u00fchrten Bio-Lieferservice aus Augsburg, der eng mit regionalen Landwirten zusammenarbeitet.<\/p>\n\n\n\n<p>Dank der rollenden Gem\u00fcsekiste stellen wir sicher, dass unsere Kinder nachhaltig produzierte Bio-Lebensmittel genie\u00dfen, die \u00fcberwiegend aus unserer Region stammen.<\/p>\n\n\n\n<p>Gemeinsam mit der rollenden Gem\u00fcsekiste f\u00f6rdern wir nicht nur die gesunde Ern\u00e4hrung unserer Kinder, sondern auch die regionale Bio-Landwirtschaft.<\/p>\n\n\n\n<p>Hier erfahren Sie mehr \u00fcber Die rollende Gem\u00fcsekiste:<\/p>\n\n\n\n<p>www.rollende-gemuesekiste.de<\/p>\n\n\n\n<p>\u00a0<img loading=\"lazy\" decoding=\"async\" width=\"150\" height=\"91\" class=\"wp-image-4822\" style=\"width: 150px;\" src=\"https:\/\/wittelsbacher-gs.de\/wp-content\/uploads\/2024\/09\/Logo_Die-rollende-Gemuesekiste-quer-scaled.jpg\" alt=\"\" srcset=\"https:\/\/wittelsbacher-gs.de\/wp-content\/uploads\/2024\/09\/Logo_Die-rollende-Gemuesekiste-quer-scaled.jpg 2560w, https:\/\/wittelsbacher-gs.de\/wp-content\/uploads\/2024\/09\/Logo_Die-rollende-Gemuesekiste-quer-300x182.jpg 300w, https:\/\/wittelsbacher-gs.de\/wp-content\/uploads\/2024\/09\/Logo_Die-rollende-Gemuesekiste-quer-1024x621.jpg 1024w, https:\/\/wittelsbacher-gs.de\/wp-content\/uploads\/2024\/09\/Logo_Die-rollende-Gemuesekiste-quer-768x465.jpg 768w, https:\/\/wittelsbacher-gs.de\/wp-content\/uploads\/2024\/09\/Logo_Die-rollende-Gemuesekiste-quer-1536x931.jpg 1536w, https:\/\/wittelsbacher-gs.de\/wp-content\/uploads\/2024\/09\/Logo_Die-rollende-Gemuesekiste-quer-2048x1241.jpg 2048w\" sizes=\"(max-width: 150px) 100vw, 150px\" \/><\/p>\n\n\n\n<p><a href=\"http:\/\/wittelsbacher-gs.de\/?page_id=28\">&lt;&lt;&lt; zur\u00fcck<\/a><\/p>\n","protected":false},"excerpt":{"rendered":"<p>&nbsp; Wir machen mit beim EU-Schulprogramm! Die rollende Gem\u00fcsekiste liefert frisches Bio-Obst und -Gem\u00fcse f\u00fcr unsere Sch\u00fclerinnen und Sch\u00fcler. Durch dieses Programm k\u00f6nnen wir unseren Sch\u00fclerinnen und<\/p>\n","protected":false},"author":1,"featured_media":4824,"parent":5208,"menu_order":3,"comment_status":"closed","ping_status":"closed","template":"","meta":{"footnotes":""},"class_list":["post-1417","page","type-page","status-publish","has-post-thumbnail","hentry","","tg-column-third"],"_links":{"self":[{"href":"https:\/\/wittelsbacher-gs.de\/index.php?rest_route=\/wp\/v2\/pages\/1417"}],"collection":[{"href":"https:\/\/wittelsbacher-gs.de\/index.php?rest_route=\/wp\/v2\/pages"}],"about":[{"href":"https:\/\/wittelsbacher-gs.de\/index.php?rest_route=\/wp\/v2\/types\/page"}],"author":[{"embeddable":true,"href":"https:\/\/wittelsbacher-gs.de\/index.php?rest_route=\/wp\/v2\/users\/1"}],"replies":[{"embeddable":true,"href":"https:\/\/wittelsbacher-gs.de\/index.php?rest_route=%2Fwp%2Fv2%2Fcomments&post=1417"}],"version-history":[{"count":7,"href":"https:\/\/wittelsbacher-gs.de\/index.php?rest_route=\/wp\/v2\/pages\/1417\/revisions"}],"predecessor-version":[{"id":4825,"href":"https:\/\/wittelsbacher-gs.de\/index.php?rest_route=\/wp\/v2\/pages\/1417\/revisions\/4825"}],"up":[{"embeddable":true,"href":"https:\/\/wittelsbacher-gs.de\/index.php?rest_route=\/wp\/v2\/pages\/5208"}],"wp:featuredmedia":[{"embeddable":true,"href":"https:\/\/wittelsbacher-gs.de\/index.php?rest_route=\/wp\/v2\/media\/4824"}],"wp:attachment":[{"href":"https:\/\/wittelsbacher-gs.de\/index.php?rest_route=%2Fwp%2Fv2%2Fmedia&parent=1417"}],"curies":[{"name":"wp","href":"https:\/\/api.w.org\/{rel}","templated":true}]}}