

{"id":1367,"date":"2017-10-20T14:38:31","date_gmt":"2017-10-20T12:38:31","guid":{"rendered":"http:\/\/wittelsbacher-gs.de\/?page_id=1367"},"modified":"2017-10-20T14:44:31","modified_gmt":"2017-10-20T12:44:31","slug":"forscherheft-lieblingstiere-im-zoo-augsburg","status":"publish","type":"page","link":"https:\/\/wittelsbacher-gs.de\/?page_id=1367","title":{"rendered":"Lernkarussell \u2013 Zooforscherheft"},"content":{"rendered":"<p>Die Tierfreunde und K\u00fcnstler der letztj\u00e4hrigen vierten Klassen gestalteten im Rahmen des Lernkarussells das Forscherheft \u201eLieblingstiere im Zoo Augsburg\u201c. Nach einer Idee von Gaby Cornelius entstand ein Heft f\u00fcr alle Tierforscher, die gerne mehr \u00fcber die Tiere im Zoo erfahren m\u00f6chten. Dr. Jeannette Schmid von der zoop\u00e4dagogischen Abteilung des Zoo Augsburg \u00f6ffnete daf\u00fcr das Fotoarchiv und erg\u00e4nzte das Projekt sowohl fachlich als auch durch viele tolle Bilder.<\/p>\n<p>Das Zooforscherheft ist an der Kasse des Zoos erh\u00e4ltlich.<\/p>\n<p><img loading=\"lazy\" decoding=\"async\" class=\"alignleft wp-image-1369\" src=\"http:\/\/wittelsbacher-gs.de\/wp-content\/uploads\/2017\/10\/zoofuehrer-768x1024.jpg\" alt=\"zoofuehrer\" width=\"450\" height=\"600\" srcset=\"https:\/\/wittelsbacher-gs.de\/wp-content\/uploads\/2017\/10\/zoofuehrer-768x1024.jpg 768w, https:\/\/wittelsbacher-gs.de\/wp-content\/uploads\/2017\/10\/zoofuehrer-225x300.jpg 225w, https:\/\/wittelsbacher-gs.de\/wp-content\/uploads\/2017\/10\/zoofuehrer.jpg 960w\" sizes=\"(max-width: 450px) 100vw, 450px\" \/><\/p>\n","protected":false},"excerpt":{"rendered":"<p>Die Tierfreunde und K\u00fcnstler der letztj\u00e4hrigen vierten Klassen gestalteten im Rahmen des Lernkarussells das Forscherheft \u201eLieblingstiere im Zoo Augsburg\u201c. Nach einer Idee von Gaby Cornelius entstand ein<\/p>\n","protected":false},"author":1,"featured_media":1368,"parent":109,"menu_order":0,"comment_status":"closed","ping_status":"closed","template":"","meta":{"footnotes":""},"class_list":["post-1367","page","type-page","status-publish","has-post-thumbnail","hentry","","tg-column-third"],"_links":{"self":[{"href":"https:\/\/wittelsbacher-gs.de\/index.php?rest_route=\/wp\/v2\/pages\/1367"}],"collection":[{"href":"https:\/\/wittelsbacher-gs.de\/index.php?rest_route=\/wp\/v2\/pages"}],"about":[{"href":"https:\/\/wittelsbacher-gs.de\/index.php?rest_route=\/wp\/v2\/types\/page"}],"author":[{"embeddable":true,"href":"https:\/\/wittelsbacher-gs.de\/index.php?rest_route=\/wp\/v2\/users\/1"}],"replies":[{"embeddable":true,"href":"https:\/\/wittelsbacher-gs.de\/index.php?rest_route=%2Fwp%2Fv2%2Fcomments&post=1367"}],"version-history":[{"count":2,"href":"https:\/\/wittelsbacher-gs.de\/index.php?rest_route=\/wp\/v2\/pages\/1367\/revisions"}],"predecessor-version":[{"id":1372,"href":"https:\/\/wittelsbacher-gs.de\/index.php?rest_route=\/wp\/v2\/pages\/1367\/revisions\/1372"}],"up":[{"embeddable":true,"href":"https:\/\/wittelsbacher-gs.de\/index.php?rest_route=\/wp\/v2\/pages\/109"}],"wp:featuredmedia":[{"embeddable":true,"href":"https:\/\/wittelsbacher-gs.de\/index.php?rest_route=\/wp\/v2\/media\/1368"}],"wp:attachment":[{"href":"https:\/\/wittelsbacher-gs.de\/index.php?rest_route=%2Fwp%2Fv2%2Fmedia&parent=1367"}],"curies":[{"name":"wp","href":"https:\/\/api.w.org\/{rel}","templated":true}]}}