

{"id":1277,"date":"2017-07-26T12:29:46","date_gmt":"2017-07-26T10:29:46","guid":{"rendered":"http:\/\/wittelsbacher-gs.de\/?page_id=1277"},"modified":"2020-11-13T15:46:09","modified_gmt":"2020-11-13T14:46:09","slug":"der-wittelsbacher-park","status":"publish","type":"page","link":"https:\/\/wittelsbacher-gs.de\/?page_id=1277","title":{"rendered":"Der Wittelsbacher Park"},"content":{"rendered":"<p><em>Im Rahmen der Ausstellungser\u00f6ffnung &#8222;VorBilder&#8220; in der Stadtb\u00fccherei Augsburg wurde Mira K\u00f6nig f\u00fcr ihr gro\u00dfartiges Projekt &#8222;der Wittelsbacher Park&#8220; geehrt. Herr K\u00f6hler, Bildungsreferent der Stadt Augsburg, gratulierte ihr sehr herzlich zu diesem Erfolg.<\/em><\/p>\n<p><strong>\u00dcber das Projekt im Rahmen von \u201eService Learning\u201c:<\/strong><\/p>\n<p>Der Wittelsbacher Park ist f\u00fcr die Kinder der Wittelsbacher Grundschule Augsburg ein Ort, an dem sie viel Zeit verbringen. Sie spielen dort, treffen sich mit Freunden und haben Spa\u00df. Im Rahmen eines Klassenprojektes mit Frau Cornelius und Frau K\u00f6nig stellten sie jedoch fest, dass sie und die anderen Kinder fast nichts \u00fcber den Park wussten. Und das, obwohl sie so viel Zeit dort verbringen \u2026<br \/>\nDie Sch\u00fcler der Klasse 4a, die sich bei diesem Projekt engagierten, lernten viel \u00fcber den Park und wollten ihr Wissen auch weitergeben. Mit Zeichnungen, einem Lageplan und Fotos entstand ein DIN A4-Blatt, das in einer ersten Auflage durch Sponsoren-Hilfe mit 500 Stck. gedruckt wurde. Das Besondere an diesem Plan sind die aufgedruckten QR-Codes, mit denen Informationen zum Park per Smartphone abgerufen werden k\u00f6nnen. Dazu wurden Texte erarbeitet und eigens in einem Tonstudio von den Sch\u00fclern gesprochen und aufgenommen.<\/p>\n<p>Beim Sommerfest an unserer Schule am 21.07.2017 konnten die Kinder ihr Projekt mit einem Stand im Schulhof Eltern und Kindern pr\u00e4sentieren.<\/p>\n<p><a href=\"http:\/\/wittelsbacher-gs.de\/wp-content\/uploads\/2017\/07\/wittelsbacher-park.pdf\"><em>Hier gibt es den Plan als PDF zum Download.<\/em><\/a><\/p>\n<figure id=\"attachment_1280\" aria-describedby=\"caption-attachment-1280\" style=\"width: 700px\" class=\"wp-caption alignleft\"><a href=\"http:\/\/wittelsbacher-gs.de\/wp-content\/uploads\/2017\/07\/wittelsbacher-park.pdf\"><img loading=\"lazy\" decoding=\"async\" class=\"wp-image-1280 size-large\" src=\"http:\/\/wittelsbacher-gs.de\/wp-content\/uploads\/2017\/07\/wittelsbacher-park_Seite_1-1024x724.jpg\" alt=\"wittelsbacher-park_seite_1\" width=\"700\" height=\"495\" srcset=\"https:\/\/wittelsbacher-gs.de\/wp-content\/uploads\/2017\/07\/wittelsbacher-park_Seite_1-1024x724.jpg 1024w, https:\/\/wittelsbacher-gs.de\/wp-content\/uploads\/2017\/07\/wittelsbacher-park_Seite_1-300x212.jpg 300w, https:\/\/wittelsbacher-gs.de\/wp-content\/uploads\/2017\/07\/wittelsbacher-park_Seite_1-768x543.jpg 768w\" sizes=\"(max-width: 700px) 100vw, 700px\" \/><\/a><figcaption id=\"caption-attachment-1280\" class=\"wp-caption-text\"><em>\u00dcber QR-Codes lassen sich mit dem Smartphone Informationen \u00fcber den Park abrufen, die von Sch\u00fclern der Klasse 4a gesprochen werden.<\/em><\/figcaption><\/figure>\n","protected":false},"excerpt":{"rendered":"<p>Im Rahmen der Ausstellungser\u00f6ffnung &#8222;VorBilder&#8220; in der Stadtb\u00fccherei Augsburg wurde Mira K\u00f6nig f\u00fcr ihr gro\u00dfartiges Projekt &#8222;der Wittelsbacher Park&#8220; geehrt. Herr K\u00f6hler, Bildungsreferent der Stadt Augsburg, gratulierte<\/p>\n","protected":false},"author":1,"featured_media":0,"parent":301,"menu_order":0,"comment_status":"closed","ping_status":"closed","template":"","meta":{"footnotes":""},"class_list":["post-1277","page","type-page","status-publish","hentry","","tg-column-third"],"_links":{"self":[{"href":"https:\/\/wittelsbacher-gs.de\/index.php?rest_route=\/wp\/v2\/pages\/1277"}],"collection":[{"href":"https:\/\/wittelsbacher-gs.de\/index.php?rest_route=\/wp\/v2\/pages"}],"about":[{"href":"https:\/\/wittelsbacher-gs.de\/index.php?rest_route=\/wp\/v2\/types\/page"}],"author":[{"embeddable":true,"href":"https:\/\/wittelsbacher-gs.de\/index.php?rest_route=\/wp\/v2\/users\/1"}],"replies":[{"embeddable":true,"href":"https:\/\/wittelsbacher-gs.de\/index.php?rest_route=%2Fwp%2Fv2%2Fcomments&post=1277"}],"version-history":[{"count":10,"href":"https:\/\/wittelsbacher-gs.de\/index.php?rest_route=\/wp\/v2\/pages\/1277\/revisions"}],"predecessor-version":[{"id":3124,"href":"https:\/\/wittelsbacher-gs.de\/index.php?rest_route=\/wp\/v2\/pages\/1277\/revisions\/3124"}],"up":[{"embeddable":true,"href":"https:\/\/wittelsbacher-gs.de\/index.php?rest_route=\/wp\/v2\/pages\/301"}],"wp:attachment":[{"href":"https:\/\/wittelsbacher-gs.de\/index.php?rest_route=%2Fwp%2Fv2%2Fmedia&parent=1277"}],"curies":[{"name":"wp","href":"https:\/\/api.w.org\/{rel}","templated":true}]}}