

{"id":103,"date":"2015-05-15T14:49:23","date_gmt":"2015-05-15T12:49:23","guid":{"rendered":"http:\/\/wittelsbacher-gs.de\/?page_id=103"},"modified":"2026-01-16T15:18:12","modified_gmt":"2026-01-16T14:18:12","slug":"elternbeirat-foerderverein-und-klassenelternsprecher","status":"publish","type":"page","link":"https:\/\/wittelsbacher-gs.de\/?page_id=103","title":{"rendered":"Leitgedanken"},"content":{"rendered":"<p>Leitbild<\/p>\n<p><a href=\"https:\/\/wittelsbacher-gs.de\/wp-content\/uploads\/2024\/01\/Bildschirm\u00adfoto-2024-01-12-um-13.20.53.png\"><img loading=\"lazy\" decoding=\"async\" class=\"alignnone size-medium wp-image-4471\" src=\"https:\/\/wittelsbacher-gs.de\/wp-content\/uploads\/2024\/01\/Bildschirm\u00adfoto-2024-01-12-um-13.20.53-300x191.png\" alt=\"\" width=\"300\" height=\"191\" srcset=\"https:\/\/wittelsbacher-gs.de\/wp-content\/uploads\/2024\/01\/Bildschirm\u00adfoto-2024-01-12-um-13.20.53-300x191.png 300w, https:\/\/wittelsbacher-gs.de\/wp-content\/uploads\/2024\/01\/Bildschirm\u00adfoto-2024-01-12-um-13.20.53-1024x652.png 1024w, https:\/\/wittelsbacher-gs.de\/wp-content\/uploads\/2024\/01\/Bildschirm\u00adfoto-2024-01-12-um-13.20.53-768x489.png 768w, https:\/\/wittelsbacher-gs.de\/wp-content\/uploads\/2024\/01\/Bildschirm\u00adfoto-2024-01-12-um-13.20.53.png 1438w\" sizes=\"(max-width: 300px) 100vw, 300px\" \/><\/a><\/p>\n<p>Leitbild der Deutschklassen:<\/p>\n<p><strong><em>\u201eHeimat geben\u201c<\/em><\/strong><\/p>\n<p><a href=\"https:\/\/wittelsbacher-gs.de\/wp-content\/uploads\/2015\/05\/image001.jpg\"><img loading=\"lazy\" decoding=\"async\" class=\"alignnone wp-image-621 size-full\" src=\"https:\/\/wittelsbacher-gs.de\/wp-content\/uploads\/2015\/05\/image001.jpg\" alt=\"image001\" width=\"247\" height=\"215\"><\/a><\/p>\n<p><strong>ankn\u00fcpfen, verbinden und Neues wagen<\/strong><\/p>\n<p><strong>Basis des Lernens (Organisation)<\/strong><\/p>\n<p>Die Basis des Lernens ist eine stabile, positive und vertraute Lernumgebung, die prim\u00e4r von den Lehrkr\u00e4ften, unterst\u00fctzt von p\u00e4dagogischem Betreuungspersonal, gegeben wird.<\/p>\n<p>Um das zu gew\u00e4hrleisten, werden m\u00f6glichst wenig Personen in den \u00dcbergangsklassen unterrichten.<\/p>\n<p>Die Klassenleitung teilen sich zwei Lehrkr\u00e4fte und eine von ihnen wird uneingeschr\u00e4nkt (Ausnahme WTG) von Unterrichtsbeginn bis Unterrichtsende mit den Kinden zusammen sein \u2013 unterrichtend oder betreuend (siehe Stundenplan).<\/p>\n<p>Externe Partner, das p\u00e4dagogische Betreungspersonal und der\/die Sozialp\u00e4dagoge\/in machen parallel f\u00fcr einige Wochen ein Lernangebot und unterrichten zusammen mit einer der beiden Klassenlehrkr\u00e4fte.<\/p>\n<p>So sind f\u00fcr die Kinder Verl\u00e4sslichkeit, Stabilit\u00e4t und Verbindlichkeit im Bereich Erziehung und Unterricht gew\u00e4hrleistet.<\/p>\n<p><strong>&nbsp;<\/strong><\/p>\n<p><strong>Basis des Lernens (Inhalt)<\/strong><\/p>\n<p>Entsprechend dem LehrplanPlus werden wir St\u00fcck f\u00fcr St\u00fcck die neue Heimat erobern:<\/p>\n<p>die Sprache, die Kultur, die geografische Umgebung, die politischen Strukturen, die Musik.<\/p>\n<p>Im Vergleich mit den Herkunftsl\u00e4ndern kristallisieren sich die Unterschiede heraus, die Kinder haben eine Chance Zusammenh\u00e4nge zu verstehen.<\/p>\n<p>Der jeweilige Schwerpunkt wird den unterschiedlichen Kompetenzen der beiden Lehrkr\u00e4fte, die die Klasse unterrichten, entsprechen.<\/p>\n<p><a href=\"http:\/\/wittelsbacher-gs.de\/?page_id=22\">&lt;&lt;&lt; zur\u00fcck<\/a><\/p>\n","protected":false},"excerpt":{"rendered":"<p>Leitbild Leitbild der Deutschklassen: \u201eHeimat geben\u201c ankn\u00fcpfen, verbinden und Neues wagen Basis des Lernens (Organisation) Die Basis des Lernens ist eine stabile, positive und vertraute Lernumgebung, die<\/p>\n","protected":false},"author":1,"featured_media":105,"parent":5210,"menu_order":7,"comment_status":"closed","ping_status":"closed","template":"","meta":{"footnotes":""},"class_list":["post-103","page","type-page","status-publish","has-post-thumbnail","hentry","","tg-column-third"],"_links":{"self":[{"href":"https:\/\/wittelsbacher-gs.de\/index.php?rest_route=\/wp\/v2\/pages\/103"}],"collection":[{"href":"https:\/\/wittelsbacher-gs.de\/index.php?rest_route=\/wp\/v2\/pages"}],"about":[{"href":"https:\/\/wittelsbacher-gs.de\/index.php?rest_route=\/wp\/v2\/types\/page"}],"author":[{"embeddable":true,"href":"https:\/\/wittelsbacher-gs.de\/index.php?rest_route=\/wp\/v2\/users\/1"}],"replies":[{"embeddable":true,"href":"https:\/\/wittelsbacher-gs.de\/index.php?rest_route=%2Fwp%2Fv2%2Fcomments&post=103"}],"version-history":[{"count":22,"href":"https:\/\/wittelsbacher-gs.de\/index.php?rest_route=\/wp\/v2\/pages\/103\/revisions"}],"predecessor-version":[{"id":4638,"href":"https:\/\/wittelsbacher-gs.de\/index.php?rest_route=\/wp\/v2\/pages\/103\/revisions\/4638"}],"up":[{"embeddable":true,"href":"https:\/\/wittelsbacher-gs.de\/index.php?rest_route=\/wp\/v2\/pages\/5210"}],"wp:featuredmedia":[{"embeddable":true,"href":"https:\/\/wittelsbacher-gs.de\/index.php?rest_route=\/wp\/v2\/media\/105"}],"wp:attachment":[{"href":"https:\/\/wittelsbacher-gs.de\/index.php?rest_route=%2Fwp%2Fv2%2Fmedia&parent=103"}],"curies":[{"name":"wp","href":"https:\/\/api.w.org\/{rel}","templated":true}]}}